{"id":14017,"date":"2025-10-15T15:57:16","date_gmt":"2025-10-15T18:57:16","guid":{"rendered":"https:\/\/chilemosaico.cl\/eventos\/?page_id=14017"},"modified":"2025-12-16T19:13:45","modified_gmt":"2025-12-16T22:13:45","slug":"chakanagasta","status":"publish","type":"page","link":"https:\/\/chilemosaico.cl\/eventos\/chakanagasta\/","title":{"rendered":"Chakanagasta: Un poblado de sonoridades"},"content":{"rendered":"\n<div class=\"wp-block-columns is-layout-flex wp-container-core-columns-is-layout-9d6595d7 wp-block-columns-is-layout-flex\">\n<div class=\"wp-block-column is-layout-flow wp-block-column-is-layout-flow\"><\/div>\n\n\n\n<div class=\"wp-block-column is-layout-flow wp-block-column-is-layout-flow\">\n<figure class=\"wp-block-image size-full\"><img loading=\"lazy\" decoding=\"async\" width=\"504\" height=\"565\" src=\"https:\/\/chilemosaico.cl\/eventos\/wp-content\/uploads\/2025\/10\/Chakanakasta.jpg\" alt=\"\" class=\"wp-image-14018\" style=\"aspect-ratio:1;object-fit:cover\" srcset=\"https:\/\/chilemosaico.cl\/eventos\/wp-content\/uploads\/2025\/10\/Chakanakasta.jpg 504w, https:\/\/chilemosaico.cl\/eventos\/wp-content\/uploads\/2025\/10\/Chakanakasta-268x300.jpg 268w\" sizes=\"auto, (max-width: 504px) 100vw, 504px\" \/><\/figure>\n<\/div>\n\n\n\n<div class=\"wp-block-column is-layout-flow wp-block-column-is-layout-flow\"><\/div>\n<\/div>\n\n\n\n<div class=\"wp-block-columns is-layout-flex wp-container-core-columns-is-layout-9d6595d7 wp-block-columns-is-layout-flex\">\n<div class=\"wp-block-column is-layout-flow wp-block-column-is-layout-flow\" style=\"flex-basis:15%\"><\/div>\n\n\n\n<div class=\"wp-block-column is-layout-flow wp-block-column-is-layout-flow\" style=\"flex-basis:70%\">\n<p class=\"has-medium-font-size\"><strong>CHAKANAGASTA <\/strong>es un proyecto experimental sonoro del norte chileno que fusiona musica, ruido y relatos de diversas tem\u00e1ticas. Fundado por el m\u00fasico <strong>Camilo Albayay<\/strong> \u2014de ascendencia diaguita\u2014 y el ruidista <strong>Adolfo v.v<\/strong> \u2014de origen quechua-aymara\u2014, unidos por una profunda conexi\u00f3n con la simbolog\u00eda de la <strong>chakana<\/strong>, la escalera celestial de la cosmovisi\u00f3n andina. Ambos radicados en Iquique.<\/p>\n\n\n\n<h3 class=\"wp-block-heading has--font-size\"><strong>\ud83d\udd2e Significado del nombre:<\/strong><\/h3>\n\n\n\n<ul class=\"wp-block-list\">\n<li class=\"has-medium-font-size\"><strong>CHAKANA<\/strong>: \u00abInstrumento para hacer puente\u00bb en runasimi (quechua)<\/li>\n\n\n\n<li class=\"has-medium-font-size\"><strong>GASTA<\/strong>: \u00abPoblado de&#8230;\u00bb en kak\u00e1n (lengua diaguita). Ejemplos: Antofagasta, Collagasta<\/li>\n<\/ul>\n\n\n\n<h2 class=\"wp-block-heading\">Sonoridades<\/h2>\n\n\n\n<p class=\"has-medium-font-size\">La propuesta sonora se despliega en un territorio auditivo que abarca desde el <strong>ruidismo<\/strong> y los paisajes sonoros hasta el uso de micr\u00f3fonos de contacto aplicados a instrumentos ac\u00fasticos, sintetizadores, <strong>guitarras ambientales<\/strong>, bater\u00edas programadas e incluso ruidos generados a partir de luces. A esto se suman <strong>capas vocales<\/strong> que incorporan narraciones relacionadas con astronom\u00eda, relatos ancestrales, reflexiones legales, noticias y discursos incoherentes, configurando un espacio donde <strong>lo ancestral y lo actual dialogan sin jerarqu\u00edas.<\/strong><\/p>\n<\/div>\n\n\n\n<div class=\"wp-block-column is-layout-flow wp-block-column-is-layout-flow\" style=\"flex-basis:15%\"><\/div>\n<\/div>\n\n\n\n<div class=\"wp-block-columns is-layout-flex wp-container-core-columns-is-layout-9d6595d7 wp-block-columns-is-layout-flex\">\n<div class=\"wp-block-column is-layout-flow wp-block-column-is-layout-flow\" style=\"flex-basis:15%\"><\/div>\n\n\n\n<div class=\"wp-block-column is-layout-flow wp-block-column-is-layout-flow\" style=\"flex-basis:70%\">\n<p class=\"has-medium-font-size\">Aunque el nombre <strong>Chakanagasta <\/strong>se estableci\u00f3 en 2025, como dupla ya ven\u00edamos trabajando desde antes: en 2023 realizamos un primer registro sonoro de un ensayo, capturado con micr\u00f3fono ambiental, el cual est\u00e1 disponible en Bandcamp. Este documento representa hasta ahora el \u00fanico material grabado, ya que, si bien hemos tenido presentaciones en vivo, no tenemos registros oficiales.<\/p>\n<\/div>\n\n\n\n<div class=\"wp-block-column is-layout-flow wp-block-column-is-layout-flow\" style=\"flex-basis:15%\"><\/div>\n<\/div>\n\n\n\n<div class=\"wp-block-columns is-layout-flex wp-container-core-columns-is-layout-9d6595d7 wp-block-columns-is-layout-flex\">\n<div class=\"wp-block-column is-layout-flow wp-block-column-is-layout-flow\" style=\"flex-basis:25%\"><\/div>\n\n\n\n<div class=\"wp-block-column is-layout-flow wp-block-column-is-layout-flow\" style=\"flex-basis:50%\">\n<iframe style=\"border: 0; width: 100%; height: 120px;\" src=\"https:\/\/bandcamp.com\/EmbeddedPlayer\/album=3546011198\/size=large\/bgcol=ffffff\/linkcol=0687f5\/tracklist=false\/artwork=small\/transparent=true\/\" seamless><a href=\"https:\/\/ruidosilencio.bandcamp.com\/album\/chakanagasta-improvisaci-n-con-camilo-albayay-adolfo-v-v-mi-rcoles-28-06-23\">CHAKANAGASTA Improvisaci\u00f3n con Camilo Albayay + Adolfo v.v &#8211; Mi\u00e9rcoles 28\/06\/23 de Ruido = Silencio<\/a><\/iframe>\n<\/div>\n\n\n\n<div class=\"wp-block-column is-layout-flow wp-block-column-is-layout-flow\" style=\"flex-basis:25%\"><\/div>\n<\/div>\n\n\n\n<div class=\"wp-block-columns is-layout-flex wp-container-core-columns-is-layout-9d6595d7 wp-block-columns-is-layout-flex\">\n<div class=\"wp-block-column is-layout-flow wp-block-column-is-layout-flow\" style=\"flex-basis:15%\"><\/div>\n\n\n\n<div class=\"wp-block-column is-layout-flow wp-block-column-is-layout-flow\" style=\"flex-basis:70%\">\n<h2 class=\"wp-block-heading\">Participaciones<\/h2>\n\n\n\n<p class=\"has-medium-font-size\">Hemos participado en encuentros de escena alternativa, con presentaciones en \u00abLa Esquizofrenia Cr\u00f3nica de la Justicia Chilena\u00bb, organizada por Aldo Alquinta, y <strong>\u201c<\/strong>Eternoise 1 y 2\u201d, organizadas por Boyle Selektor en el Bar Democr\u00e1tico, y tambi\u00e9n es parte de las sesiones \u201cYeconoise\u201d, impulsadas por Chilemosaico.<\/p>\n<\/div>\n\n\n\n<div class=\"wp-block-column is-layout-flow wp-block-column-is-layout-flow\"><\/div>\n\n\n\n<div class=\"wp-block-column is-layout-flow wp-block-column-is-layout-flow\" style=\"flex-basis:15%\"><\/div>\n<\/div>\n\n\n\n<div class=\"wp-block-columns is-not-stacked-on-mobile is-layout-flex wp-container-core-columns-is-layout-9d6595d7 wp-block-columns-is-layout-flex\">\n<div class=\"wp-block-column is-layout-flow wp-block-column-is-layout-flow\"><div class=\"wp-block-image\">\n<figure class=\"aligncenter size-large\"><img loading=\"lazy\" decoding=\"async\" width=\"1024\" height=\"1024\" src=\"https:\/\/chilemosaico.cl\/eventos\/wp-content\/uploads\/2023\/05\/Teatro-Experimental-La-Esquizofrenia-Cronica-de-la-Justicia-Chilena-1024x1024.jpg\" alt=\"Teatro Experimental La Esquizofrenia Cronica de la Justicia Chilena\" class=\"wp-image-1988\" srcset=\"https:\/\/chilemosaico.cl\/eventos\/wp-content\/uploads\/2023\/05\/Teatro-Experimental-La-Esquizofrenia-Cronica-de-la-Justicia-Chilena-1024x1024.jpg 1024w, https:\/\/chilemosaico.cl\/eventos\/wp-content\/uploads\/2023\/05\/Teatro-Experimental-La-Esquizofrenia-Cronica-de-la-Justicia-Chilena-300x300.jpg 300w, https:\/\/chilemosaico.cl\/eventos\/wp-content\/uploads\/2023\/05\/Teatro-Experimental-La-Esquizofrenia-Cronica-de-la-Justicia-Chilena-150x150.jpg 150w, https:\/\/chilemosaico.cl\/eventos\/wp-content\/uploads\/2023\/05\/Teatro-Experimental-La-Esquizofrenia-Cronica-de-la-Justicia-Chilena-768x768.jpg 768w, https:\/\/chilemosaico.cl\/eventos\/wp-content\/uploads\/2023\/05\/Teatro-Experimental-La-Esquizofrenia-Cronica-de-la-Justicia-Chilena.jpg 1080w\" sizes=\"auto, (max-width: 1024px) 100vw, 1024px\" \/><figcaption class=\"wp-element-caption\">Teatro-Experimental-La-Esquizofrenia-Cronica-de-la-Justicia-Chilena \/ Organizado por Aldo Alquinta<\/figcaption><\/figure>\n<\/div><\/div>\n\n\n\n<div class=\"wp-block-column is-layout-flow wp-block-column-is-layout-flow\"><div class=\"wp-block-image\">\n<figure class=\"aligncenter size-full\"><img loading=\"lazy\" decoding=\"async\" width=\"526\" height=\"701\" src=\"https:\/\/chilemosaico.cl\/eventos\/wp-content\/uploads\/2025\/10\/Eternoise-1.jpg\" alt=\"\" class=\"wp-image-14019\" srcset=\"https:\/\/chilemosaico.cl\/eventos\/wp-content\/uploads\/2025\/10\/Eternoise-1.jpg 526w, https:\/\/chilemosaico.cl\/eventos\/wp-content\/uploads\/2025\/10\/Eternoise-1-225x300.jpg 225w, https:\/\/chilemosaico.cl\/eventos\/wp-content\/uploads\/2025\/10\/Eternoise-1-300x400.jpg 300w\" sizes=\"auto, (max-width: 526px) 100vw, 526px\" \/><figcaption class=\"wp-element-caption\">Eternoise 1 \/ Organizado por Boyle Selektor<\/figcaption><\/figure>\n<\/div><\/div>\n\n\n\n<div class=\"wp-block-column is-layout-flow wp-block-column-is-layout-flow\"><div class=\"wp-block-image\">\n<figure class=\"aligncenter size-full\"><img loading=\"lazy\" decoding=\"async\" width=\"526\" height=\"708\" src=\"https:\/\/chilemosaico.cl\/eventos\/wp-content\/uploads\/2025\/10\/Eternoise-2.jpg\" alt=\"\" class=\"wp-image-14020\" srcset=\"https:\/\/chilemosaico.cl\/eventos\/wp-content\/uploads\/2025\/10\/Eternoise-2.jpg 526w, https:\/\/chilemosaico.cl\/eventos\/wp-content\/uploads\/2025\/10\/Eternoise-2-223x300.jpg 223w\" sizes=\"auto, (max-width: 526px) 100vw, 526px\" \/><figcaption class=\"wp-element-caption\">Eternoise 2 \/ Organizado por Boyle Selektor<\/figcaption><\/figure>\n<\/div><\/div>\n<\/div>\n\n\n\n<div class=\"wp-block-columns is-layout-flex wp-container-core-columns-is-layout-9d6595d7 wp-block-columns-is-layout-flex\">\n<div class=\"wp-block-column is-layout-flow wp-block-column-is-layout-flow\" style=\"flex-basis:15%\"><\/div>\n\n\n\n<div class=\"wp-block-column is-layout-flow wp-block-column-is-layout-flow\" style=\"flex-basis:70%\">\n<h2 class=\"wp-block-heading\">Chakanagasta hoy<\/h2>\n\n\n\n<p class=\"has-medium-font-size\">La iniciativa se define como un <strong>dispositivo de experimentaci\u00f3n sonora en constante mutaci\u00f3n<\/strong>, donde el sonido act\u00faa como un punto de encuentro entre lo ancestral y lo tecnol\u00f3gico. A trav\u00e9s del ruidismo, la electr\u00f3nica hecha con medios anal\u00f3gicos y el uso de instrumentos intervenidos, construimos narraciones y paisajes auditivos que reflexionan sobre diversas tem\u00e1ticas, no necesariamente coherentes.<\/p>\n\n\n\n<p class=\"has-medium-font-size\">Aqu\u00ed, el ruido no es caos: es lenguaje. Y la propuesta no s\u00f3lo se dirige a la humanidad, sino a un cielo sonoro abstracto que resuena y responde.<\/p>\n<\/div>\n\n\n\n<div class=\"wp-block-column is-layout-flow wp-block-column-is-layout-flow\" style=\"flex-basis:15%\"><\/div>\n<\/div>\n\n\n<div class=\"wp-block-image\">\n<figure class=\"aligncenter size-medium\"><img loading=\"lazy\" decoding=\"async\" width=\"175\" height=\"300\" src=\"https:\/\/chilemosaico.cl\/eventos\/wp-content\/uploads\/2025\/10\/chakanagasta-telefono-175x300.jpg\" alt=\"chakanagasta telefono\" class=\"wp-image-14037\" srcset=\"https:\/\/chilemosaico.cl\/eventos\/wp-content\/uploads\/2025\/10\/chakanagasta-telefono-175x300.jpg 175w, https:\/\/chilemosaico.cl\/eventos\/wp-content\/uploads\/2025\/10\/chakanagasta-telefono.jpg 486w\" sizes=\"auto, (max-width: 175px) 100vw, 175px\" \/><figcaption class=\"wp-element-caption\">El tel\u00e9fono interestelar<\/figcaption><\/figure>\n<\/div>\n\n\n<p class=\"has-text-align-center has-medium-font-size\"><strong>Contacto:<\/strong> Adolfo \/ +56 9 7678 26 53 \/ adolfov.v[arroba]yahoo.com<\/p>\n\n\n\n<p class=\"has-medium-font-size\"><strong>Enlaces relacionados:<\/strong><\/p>\n\n\n\n<ul class=\"wp-block-list\">\n<li class=\"has-medium-font-size\"><a href=\"https:\/\/www.instagram.com\/artefactos_chile\/\" target=\"_blank\" rel=\"noopener sponsored\" title=\"\">Artefactos<\/a><\/li>\n\n\n\n<li class=\"has-medium-font-size\"><a href=\"https:\/\/ruidosilencio.bandcamp.com\/\" target=\"_blank\" rel=\"noopener sponsored\" title=\"\">Colectivo Ruido = Silencio<\/a><\/li>\n\n\n\n<li class=\"has-medium-font-size\"><a href=\"https:\/\/chilemosaico.cl\/eventos\/proyectos\/\" target=\"_blank\" rel=\"noopener sponsored\" title=\"\">Proyectos<\/a><\/li>\n<\/ul>\n\n\n\n<p><\/p>\n","protected":false},"excerpt":{"rendered":"<p>CHAKANAGASTA es un proyecto experimental sonoro del norte chileno que fusiona musica, ruido y relatos de diversas tem\u00e1ticas. Fundado por el m\u00fasico Camilo Albayay \u2014de ascendencia diaguita\u2014 y el ruidista Adolfo v.v \u2014de origen quechua-aymara\u2014, unidos por una profunda conexi\u00f3n con la simbolog\u00eda de la chakana, la escalera celestial de la cosmovisi\u00f3n andina. Ambos radicados&#8230;<\/p>\n","protected":false},"author":1,"featured_media":14018,"parent":0,"menu_order":0,"comment_status":"closed","ping_status":"closed","template":"","meta":{"om_disable_all_campaigns":false,"_monsterinsights_skip_tracking":false,"_monsterinsights_sitenote_active":false,"_monsterinsights_sitenote_note":"","_monsterinsights_sitenote_category":0,"_kad_post_transparent":"","_kad_post_title":"","_kad_post_layout":"","_kad_post_sidebar_id":"","_kad_post_content_style":"","_kad_post_vertical_padding":"","_kad_post_feature":"","_kad_post_feature_position":"","_kad_post_header":false,"_kad_post_footer":false,"_kad_post_classname":"","footnotes":""},"class_list":["post-14017","page","type-page","status-publish","has-post-thumbnail","hentry"],"aioseo_notices":[],"_links":{"self":[{"href":"https:\/\/chilemosaico.cl\/eventos\/wp-json\/wp\/v2\/pages\/14017","targetHints":{"allow":["GET"]}}],"collection":[{"href":"https:\/\/chilemosaico.cl\/eventos\/wp-json\/wp\/v2\/pages"}],"about":[{"href":"https:\/\/chilemosaico.cl\/eventos\/wp-json\/wp\/v2\/types\/page"}],"author":[{"embeddable":true,"href":"https:\/\/chilemosaico.cl\/eventos\/wp-json\/wp\/v2\/users\/1"}],"replies":[{"embeddable":true,"href":"https:\/\/chilemosaico.cl\/eventos\/wp-json\/wp\/v2\/comments?post=14017"}],"version-history":[{"count":55,"href":"https:\/\/chilemosaico.cl\/eventos\/wp-json\/wp\/v2\/pages\/14017\/revisions"}],"predecessor-version":[{"id":15102,"href":"https:\/\/chilemosaico.cl\/eventos\/wp-json\/wp\/v2\/pages\/14017\/revisions\/15102"}],"wp:featuredmedia":[{"embeddable":true,"href":"https:\/\/chilemosaico.cl\/eventos\/wp-json\/wp\/v2\/media\/14018"}],"wp:attachment":[{"href":"https:\/\/chilemosaico.cl\/eventos\/wp-json\/wp\/v2\/media?parent=14017"}],"curies":[{"name":"wp","href":"https:\/\/api.w.org\/{rel}","templated":true}]}}