{"id":5353,"date":"2023-11-03T19:53:14","date_gmt":"2023-11-03T22:53:14","guid":{"rendered":"https:\/\/chilemosaico.cl\/eventos\/?page_id=5353"},"modified":"2025-09-23T01:57:09","modified_gmt":"2025-09-23T04:57:09","slug":"informe-acustico-ds-38","status":"publish","type":"page","link":"https:\/\/chilemosaico.cl\/eventos\/informe-acustico-ds-38\/","title":{"rendered":"Acusm\u00e1tica: Informes ac\u00fasticos DS 38, ruidos y sonidos"},"content":{"rendered":"\n<figure class=\"wp-block-image alignfull\" style=\"margin-top:0;margin-bottom:0\"><img loading=\"lazy\" decoding=\"async\" width=\"2000\" height=\"574\" src=\"https:\/\/chilemosaico.cl\/eventos\/wp-content\/uploads\/2023\/11\/Acusmatica-Ingenieria-Acustica-Ruidos-Sonidos-iquique.jpg\" alt=\"Ingenier\u00eda ac\u00fastica, ruidos y sonidos. Iquique, Chile\" class=\"wp-image-5459\" srcset=\"https:\/\/chilemosaico.cl\/eventos\/wp-content\/uploads\/2023\/11\/Acusmatica-Ingenieria-Acustica-Ruidos-Sonidos-iquique.jpg 2000w, https:\/\/chilemosaico.cl\/eventos\/wp-content\/uploads\/2023\/11\/Acusmatica-Ingenieria-Acustica-Ruidos-Sonidos-iquique-300x86.jpg 300w, https:\/\/chilemosaico.cl\/eventos\/wp-content\/uploads\/2023\/11\/Acusmatica-Ingenieria-Acustica-Ruidos-Sonidos-iquique-1024x294.jpg 1024w, https:\/\/chilemosaico.cl\/eventos\/wp-content\/uploads\/2023\/11\/Acusmatica-Ingenieria-Acustica-Ruidos-Sonidos-iquique-768x220.jpg 768w, https:\/\/chilemosaico.cl\/eventos\/wp-content\/uploads\/2023\/11\/Acusmatica-Ingenieria-Acustica-Ruidos-Sonidos-iquique-1536x441.jpg 1536w\" sizes=\"auto, (max-width: 2000px) 100vw, 2000px\" \/><\/figure>\n\n\n\n<div class=\"wp-block-columns is-layout-flex wp-container-core-columns-is-layout-9d6595d7 wp-block-columns-is-layout-flex\">\n<div class=\"wp-block-column is-layout-flow wp-block-column-is-layout-flow\" style=\"flex-basis:100%\">\n<div style=\"height:20px\" aria-hidden=\"true\" class=\"wp-block-spacer\"><\/div>\n\n\n\n<div class=\"wp-block-group\"><div class=\"wp-block-group__inner-container is-layout-constrained wp-block-group-is-layout-constrained\">\n<h2 class=\"wp-block-heading has-text-align-center has-large-font-size\"><strong>ACUSM\u00c1TICA<\/strong> SPA<\/h2>\n\n\n\n<h3 class=\"wp-block-heading has-text-align-center has-medium-font-size\">Ingenier\u00eda ac\u00fastica, ruidos y sonidos<\/h3>\n\n\n<div class=\"wp-block-image\">\n<figure class=\"aligncenter\"><img loading=\"lazy\" decoding=\"async\" width=\"300\" height=\"300\" src=\"https:\/\/chilemosaico.cl\/eventos\/wp-content\/uploads\/2023\/11\/NL21-Rion-Sonometro-300x300.jpg\" alt=\"\" class=\"wp-image-5635\" srcset=\"https:\/\/chilemosaico.cl\/eventos\/wp-content\/uploads\/2023\/11\/NL21-Rion-Sonometro-300x300.jpg 300w, https:\/\/chilemosaico.cl\/eventos\/wp-content\/uploads\/2023\/11\/NL21-Rion-Sonometro-1024x1024.jpg 1024w, https:\/\/chilemosaico.cl\/eventos\/wp-content\/uploads\/2023\/11\/NL21-Rion-Sonometro-150x150.jpg 150w, https:\/\/chilemosaico.cl\/eventos\/wp-content\/uploads\/2023\/11\/NL21-Rion-Sonometro-768x768.jpg 768w, https:\/\/chilemosaico.cl\/eventos\/wp-content\/uploads\/2023\/11\/NL21-Rion-Sonometro-500x500.jpg 500w, https:\/\/chilemosaico.cl\/eventos\/wp-content\/uploads\/2023\/11\/NL21-Rion-Sonometro.jpg 1200w\" sizes=\"auto, (max-width: 300px) 100vw, 300px\" \/><\/figure>\n<\/div>\n\n\n<div style=\"height:20px\" aria-hidden=\"true\" class=\"wp-block-spacer\"><\/div>\n<\/div><\/div>\n\n\n\n<h2 class=\"wp-block-heading has-large-font-size\"><strong><strong><strong>Servicio Informe Ac\u00fastico DS 38\/11 MMA:<\/strong><\/strong><\/strong><\/h2>\n\n\n\n<div class=\"wp-block-group\"><div class=\"wp-block-group__inner-container is-layout-constrained wp-block-group-is-layout-constrained\">\n<p class=\"has-medium-font-size\">Nuestro servicio tiene como objetivo evaluar y generar informes ac\u00fasticos de emisi\u00f3n de ruidos, de acuerdo con los requerimientos de la Superintendencia del Medio Ambiente (SMA). Para ello, utilizamos equipos de medici\u00f3n certificados por el ISP Chile y profesionales especializados, lo que garantiza resultados confiables y exactos.<\/p>\n\n\n\n<p class=\"has-medium-font-size\">Adem\u00e1s, cumplimos con la normativa vigente D.S. N\u00b0 38\/11 del MMA, la cual establece los niveles m\u00e1ximos de emisi\u00f3n de ruido para fuentes fijas. En consecuencia, nuestros informes son v\u00e1lidos ante autoridades competentes.<\/p>\n\n\n\n<p class=\"has-medium-font-size\">Por otro lado, Acusm\u00e1tica ofrece cobertura en la zona norte de Chile, <strong>i<\/strong>ncluyendo regiones como Tarapac\u00e1, Antofagasta y Arica. Finalmente, todos nuestros servicios est\u00e1n respaldados por equipos con certificaciones oficiales.<\/p>\n\n\n\n<p><\/p>\n<\/div><\/div>\n\n\n\n<div style=\"height:50px\" aria-hidden=\"true\" class=\"wp-block-spacer\"><\/div>\n\n\n\n<div class=\"wp-block-columns is-layout-flex wp-container-core-columns-is-layout-9d6595d7 wp-block-columns-is-layout-flex\">\n<div class=\"wp-block-column is-layout-flow wp-block-column-is-layout-flow\">\n<div class=\"wp-block-kadence-icon kt-svg-icons kt-svg-icons5353_f968a0-8b alignnone\">\n<div class=\"wp-block-kadence-single-icon kt-svg-style-default kt-svg-icon-wrap kt-svg-item-5353_9f0968-ec\"><span data-name=\"fe_inbox\" data-stroke=\"0.5\" class=\"kadence-dynamic-icon\"><\/span><\/div>\n<\/div>\n\n\n\n<h3 class=\"wp-block-heading has-text-align-center has-medium-font-size\"><strong><strong>Nuestros informes incluyen<\/strong>:<\/strong><\/h3>\n\n\n\n<p><\/p>\n\n\n\n<ul class=\"wp-block-list\">\n<li class=\"has-medium-font-size\">Documento t\u00e9cnico de evaluaci\u00f3n DS N\u00ba 38\/11 MMA<\/li>\n\n\n\n<li class=\"has-medium-font-size\">Caracterizaci\u00f3n de fuentes emisoras<\/li>\n\n\n\n<li class=\"has-medium-font-size\">Mediciones de niveles de ruido<\/li>\n\n\n\n<li class=\"has-medium-font-size\">Certificaciones correspondientes<\/li>\n<\/ul>\n<\/div>\n\n\n\n<div class=\"wp-block-column is-layout-flow wp-block-column-is-layout-flow\">\n<div class=\"wp-block-kadence-icon kt-svg-icons kt-svg-icons5353_fb8999-cc alignnone\">\n<div class=\"wp-block-kadence-single-icon kt-svg-style-default kt-svg-icon-wrap kt-svg-item-5353_9d9fc3-e9\"><span data-name=\"fe_settings\" data-stroke=\"0.5\" class=\"kadence-dynamic-icon\"><\/span><\/div>\n<\/div>\n\n\n\n<h3 class=\"wp-block-heading has-text-align-center has-medium-font-size\"><strong>Equipamiento:<\/strong><\/h3>\n\n\n\n<p><\/p>\n\n\n\n<ul class=\"wp-block-list\">\n<li class=\"has-medium-font-size\">Son\u00f3metro integrador Tipo 2 (certificaci\u00f3n ISP Chile)<\/li>\n\n\n\n<li class=\"has-medium-font-size\">Pist\u00f3fono calibrador Tipo 2<\/li>\n\n\n\n<li class=\"has-medium-font-size\">Sistemas de grabaci\u00f3n audio est\u00e9reo\/ambis\u00f3nico<\/li>\n\n\n\n<li class=\"has-medium-font-size\">Fuente omnidireccional de 12 altavoces (ISO 140)<\/li>\n<\/ul>\n<\/div>\n\n\n\n<div class=\"wp-block-column is-layout-flow wp-block-column-is-layout-flow\">\n<div class=\"wp-block-kadence-icon kt-svg-icons kt-svg-icons5353_e2e771-26 alignnone\">\n<div class=\"wp-block-kadence-single-icon kt-svg-style-default kt-svg-icon-wrap kt-svg-item-5353_05d347-9e\"><span data-name=\"fe_edit\" data-stroke=\"0.5\" class=\"kadence-dynamic-icon\"><\/span><\/div>\n<\/div>\n\n\n\n<h3 class=\"wp-block-heading has-text-align-center has-medium-font-size\"><strong><strong>Para m\u00e1s informaci\u00f3n<\/strong>, contacte a:<\/strong><\/h3>\n\n\n\n<p><\/p>\n\n\n\n<ul class=\"wp-block-list\">\n<li class=\"has-medium-font-size\">Adolfo Boris V\u00e1squez Vergara<\/li>\n\n\n\n<li class=\"has-medium-font-size\">Licenciado e Ingeniero Ac\u00fastico, <a href=\"https:\/\/www.acusticauach.cl\/\" target=\"_blank\" rel=\"noopener sponsored\" title=\"\">UACH<\/a><\/li>\n\n\n\n<li class=\"has-medium-font-size\">\ud83d\udcde +56 9 7678 2653 (llamada directa, NO-wsp)<\/li>\n\n\n\n<li class=\"has-medium-font-size\">\u2709\ufe0f <a href=\"https:\/\/mailto:adolfov.v@yahoo.com\" target=\"_blank\" rel=\"noreferrer noopener\">adolfov.v@yahoo.com<\/a><\/li>\n\n\n\n<li class=\"has-medium-font-size\">Iquique, regi\u00f3n de Tarapac\u00e1.<\/li>\n<\/ul>\n<\/div>\n<\/div>\n\n\n\n<p><\/p>\n\n\n\n<figure class=\"wp-block-gallery has-nested-images columns-default is-cropped wp-block-gallery-1 is-layout-flex wp-block-gallery-is-layout-flex\">\n<figure class=\"wp-block-image size-large\"><img loading=\"lazy\" decoding=\"async\" width=\"750\" height=\"750\" data-id=\"12542\" src=\"https:\/\/chilemosaico.cl\/eventos\/wp-content\/uploads\/2025\/06\/Acusmatica-Sonometro-iquique-Arica-Antofagasta-4.jpg\" alt=\"\" class=\"wp-image-12542\" srcset=\"https:\/\/chilemosaico.cl\/eventos\/wp-content\/uploads\/2025\/06\/Acusmatica-Sonometro-iquique-Arica-Antofagasta-4.jpg 750w, https:\/\/chilemosaico.cl\/eventos\/wp-content\/uploads\/2025\/06\/Acusmatica-Sonometro-iquique-Arica-Antofagasta-4-300x300.jpg 300w, https:\/\/chilemosaico.cl\/eventos\/wp-content\/uploads\/2025\/06\/Acusmatica-Sonometro-iquique-Arica-Antofagasta-4-150x150.jpg 150w, https:\/\/chilemosaico.cl\/eventos\/wp-content\/uploads\/2025\/06\/Acusmatica-Sonometro-iquique-Arica-Antofagasta-4-500x500.jpg 500w\" sizes=\"auto, (max-width: 750px) 100vw, 750px\" \/><\/figure>\n\n\n\n<figure class=\"wp-block-image size-large\"><img loading=\"lazy\" decoding=\"async\" width=\"751\" height=\"750\" data-id=\"12535\" src=\"https:\/\/chilemosaico.cl\/eventos\/wp-content\/uploads\/2025\/06\/Acusmatica-Sonometro-iquique-Arica-Antofagasta-2.jpg\" alt=\"\" class=\"wp-image-12535\" srcset=\"https:\/\/chilemosaico.cl\/eventos\/wp-content\/uploads\/2025\/06\/Acusmatica-Sonometro-iquique-Arica-Antofagasta-2.jpg 751w, https:\/\/chilemosaico.cl\/eventos\/wp-content\/uploads\/2025\/06\/Acusmatica-Sonometro-iquique-Arica-Antofagasta-2-300x300.jpg 300w, https:\/\/chilemosaico.cl\/eventos\/wp-content\/uploads\/2025\/06\/Acusmatica-Sonometro-iquique-Arica-Antofagasta-2-150x150.jpg 150w, https:\/\/chilemosaico.cl\/eventos\/wp-content\/uploads\/2025\/06\/Acusmatica-Sonometro-iquique-Arica-Antofagasta-2-500x500.jpg 500w\" sizes=\"auto, (max-width: 751px) 100vw, 751px\" \/><\/figure>\n\n\n\n<figure class=\"wp-block-image size-large\"><img loading=\"lazy\" decoding=\"async\" width=\"750\" height=\"750\" data-id=\"12541\" src=\"https:\/\/chilemosaico.cl\/eventos\/wp-content\/uploads\/2025\/06\/Acusmatica-Sonometro-iquique-Arica-Antofagasta-2-1.jpg\" alt=\"\" class=\"wp-image-12541\" srcset=\"https:\/\/chilemosaico.cl\/eventos\/wp-content\/uploads\/2025\/06\/Acusmatica-Sonometro-iquique-Arica-Antofagasta-2-1.jpg 750w, https:\/\/chilemosaico.cl\/eventos\/wp-content\/uploads\/2025\/06\/Acusmatica-Sonometro-iquique-Arica-Antofagasta-2-1-300x300.jpg 300w, https:\/\/chilemosaico.cl\/eventos\/wp-content\/uploads\/2025\/06\/Acusmatica-Sonometro-iquique-Arica-Antofagasta-2-1-150x150.jpg 150w, https:\/\/chilemosaico.cl\/eventos\/wp-content\/uploads\/2025\/06\/Acusmatica-Sonometro-iquique-Arica-Antofagasta-2-1-500x500.jpg 500w\" sizes=\"auto, (max-width: 750px) 100vw, 750px\" \/><\/figure>\n\n\n\n<figure class=\"wp-block-image size-large\"><img loading=\"lazy\" decoding=\"async\" width=\"750\" height=\"750\" data-id=\"12539\" src=\"https:\/\/chilemosaico.cl\/eventos\/wp-content\/uploads\/2025\/06\/Acusmatica-Sonometro-iquique-Arica-Antofagasta-6.jpg\" alt=\"\" class=\"wp-image-12539\" srcset=\"https:\/\/chilemosaico.cl\/eventos\/wp-content\/uploads\/2025\/06\/Acusmatica-Sonometro-iquique-Arica-Antofagasta-6.jpg 750w, https:\/\/chilemosaico.cl\/eventos\/wp-content\/uploads\/2025\/06\/Acusmatica-Sonometro-iquique-Arica-Antofagasta-6-300x300.jpg 300w, https:\/\/chilemosaico.cl\/eventos\/wp-content\/uploads\/2025\/06\/Acusmatica-Sonometro-iquique-Arica-Antofagasta-6-150x150.jpg 150w, https:\/\/chilemosaico.cl\/eventos\/wp-content\/uploads\/2025\/06\/Acusmatica-Sonometro-iquique-Arica-Antofagasta-6-500x500.jpg 500w\" sizes=\"auto, (max-width: 750px) 100vw, 750px\" \/><\/figure>\n\n\n\n<figure class=\"wp-block-image size-large\"><img loading=\"lazy\" decoding=\"async\" width=\"750\" height=\"750\" data-id=\"12538\" src=\"https:\/\/chilemosaico.cl\/eventos\/wp-content\/uploads\/2025\/06\/Acusmatica-Sonometro-iquique-Arica-Antofagasta-3.jpg\" alt=\"\" class=\"wp-image-12538\" srcset=\"https:\/\/chilemosaico.cl\/eventos\/wp-content\/uploads\/2025\/06\/Acusmatica-Sonometro-iquique-Arica-Antofagasta-3.jpg 750w, https:\/\/chilemosaico.cl\/eventos\/wp-content\/uploads\/2025\/06\/Acusmatica-Sonometro-iquique-Arica-Antofagasta-3-300x300.jpg 300w, https:\/\/chilemosaico.cl\/eventos\/wp-content\/uploads\/2025\/06\/Acusmatica-Sonometro-iquique-Arica-Antofagasta-3-150x150.jpg 150w, https:\/\/chilemosaico.cl\/eventos\/wp-content\/uploads\/2025\/06\/Acusmatica-Sonometro-iquique-Arica-Antofagasta-3-500x500.jpg 500w\" sizes=\"auto, (max-width: 750px) 100vw, 750px\" \/><\/figure>\n\n\n\n<figure class=\"wp-block-image size-large\"><img loading=\"lazy\" decoding=\"async\" width=\"750\" height=\"750\" data-id=\"12534\" src=\"https:\/\/chilemosaico.cl\/eventos\/wp-content\/uploads\/2025\/06\/Acusmatica-Sonometro-iquique-Arica-Antofagasta.jpg\" alt=\"\" class=\"wp-image-12534\" srcset=\"https:\/\/chilemosaico.cl\/eventos\/wp-content\/uploads\/2025\/06\/Acusmatica-Sonometro-iquique-Arica-Antofagasta.jpg 750w, https:\/\/chilemosaico.cl\/eventos\/wp-content\/uploads\/2025\/06\/Acusmatica-Sonometro-iquique-Arica-Antofagasta-300x300.jpg 300w, https:\/\/chilemosaico.cl\/eventos\/wp-content\/uploads\/2025\/06\/Acusmatica-Sonometro-iquique-Arica-Antofagasta-150x150.jpg 150w, https:\/\/chilemosaico.cl\/eventos\/wp-content\/uploads\/2025\/06\/Acusmatica-Sonometro-iquique-Arica-Antofagasta-500x500.jpg 500w\" sizes=\"auto, (max-width: 750px) 100vw, 750px\" \/><\/figure>\n\n\n\n<figure class=\"wp-block-image size-large\"><img loading=\"lazy\" decoding=\"async\" width=\"750\" height=\"750\" data-id=\"12540\" src=\"https:\/\/chilemosaico.cl\/eventos\/wp-content\/uploads\/2025\/06\/Acusmatica-Sonometro-iquique-Arica-Antofagasta-5.jpg\" alt=\"\" class=\"wp-image-12540\" srcset=\"https:\/\/chilemosaico.cl\/eventos\/wp-content\/uploads\/2025\/06\/Acusmatica-Sonometro-iquique-Arica-Antofagasta-5.jpg 750w, https:\/\/chilemosaico.cl\/eventos\/wp-content\/uploads\/2025\/06\/Acusmatica-Sonometro-iquique-Arica-Antofagasta-5-300x300.jpg 300w, https:\/\/chilemosaico.cl\/eventos\/wp-content\/uploads\/2025\/06\/Acusmatica-Sonometro-iquique-Arica-Antofagasta-5-150x150.jpg 150w, https:\/\/chilemosaico.cl\/eventos\/wp-content\/uploads\/2025\/06\/Acusmatica-Sonometro-iquique-Arica-Antofagasta-5-500x500.jpg 500w\" sizes=\"auto, (max-width: 750px) 100vw, 750px\" \/><\/figure>\n<\/figure>\n\n\n\n<div style=\"height:30px\" aria-hidden=\"true\" class=\"wp-block-spacer\"><\/div>\n\n\n\n<p class=\"has-medium-font-size\"><strong>Enlaces de inter\u00e9s<\/strong>:<\/p>\n\n\n\n<ul class=\"wp-block-list\">\n<li class=\"has-medium-font-size\"><a href=\"https:\/\/www.bcn.cl\/leychile\/navegar?idNorma=1040928\" target=\"_blank\" rel=\"noreferrer noopener\">Decreto Supremo N\u00b0 38\/11 MMA<\/a><\/li>\n\n\n\n<li class=\"has-medium-font-size\"><a href=\"https:\/\/www.bcn.cl\/leychile\/navegar?idNorma=1017350\" target=\"_blank\" rel=\"noreferrer noopener\">Decreto N\u00b0 10\/10 Ministerio de Salud<\/a><\/li>\n\n\n\n<li class=\"has-medium-font-size\"><a href=\"https:\/\/www.municipioiquique.cl\/municipalidad\/departamentos\/direccion-medioambiente.html\" target=\"_blank\" rel=\"noreferrer noopener\">Ordenanzas municipales de Iquique<\/a><\/li>\n\n\n\n<li class=\"has-medium-font-size\"><a href=\"https:\/\/portal.sma.gob.cl\/index.php\/oficinas-regionales\/\" target=\"_blank\" rel=\"noreferrer noopener\">Oficinas regionales de la SMA<\/a><\/li>\n\n\n\n<li class=\"has-medium-font-size\"><a href=\"https:\/\/www.ispch.gob.cl\/salud-de-los-trabajadores\/laboratorio-de-calibracion\/\" target=\"_blank\" rel=\"noreferrer noopener\">Laboratorio de calibraci\u00f3n ac\u00fastica ISP<\/a><\/li>\n\n\n\n<li class=\"has-medium-font-size\"><a href=\"https:\/\/denuncia.sma.gob.cl\/\" target=\"_blank\" rel=\"noreferrer noopener\">Denuncias de ruido ante la SMA<\/a><\/li>\n<\/ul>\n\n\n\n<p class=\"has-medium-font-size\"><strong>Finalmente<\/strong>, si necesita realizar una denuncia por ruidos u otros, puede guiarse por <a href=\"https:\/\/denuncia.sma.gob.cl\/\" target=\"_blank\" rel=\"noopener sponsored\" title=\"\">este proceso oficial de la SMA<\/a>.<\/p>\n<\/div>\n<\/div>\n\n\n\n<figure class=\"wp-block-image alignfull size-large is-style-default wp-duotone-unset-2\"><img loading=\"lazy\" decoding=\"async\" width=\"1024\" height=\"193\" src=\"https:\/\/chilemosaico.cl\/eventos\/wp-content\/uploads\/2023\/11\/Acusmatica-ingenieria-de-sonido-ruidos-y-sonidos-Iquique-1-1024x193.jpg\" alt=\"\" class=\"wp-image-6036\" srcset=\"https:\/\/chilemosaico.cl\/eventos\/wp-content\/uploads\/2023\/11\/Acusmatica-ingenieria-de-sonido-ruidos-y-sonidos-Iquique-1-1024x193.jpg 1024w, https:\/\/chilemosaico.cl\/eventos\/wp-content\/uploads\/2023\/11\/Acusmatica-ingenieria-de-sonido-ruidos-y-sonidos-Iquique-1-300x56.jpg 300w, https:\/\/chilemosaico.cl\/eventos\/wp-content\/uploads\/2023\/11\/Acusmatica-ingenieria-de-sonido-ruidos-y-sonidos-Iquique-1-768x144.jpg 768w, https:\/\/chilemosaico.cl\/eventos\/wp-content\/uploads\/2023\/11\/Acusmatica-ingenieria-de-sonido-ruidos-y-sonidos-Iquique-1-1536x289.jpg 1536w, https:\/\/chilemosaico.cl\/eventos\/wp-content\/uploads\/2023\/11\/Acusmatica-ingenieria-de-sonido-ruidos-y-sonidos-Iquique-1.jpg 2000w\" sizes=\"auto, (max-width: 1024px) 100vw, 1024px\" \/><\/figure>\n\n\n\n<div class=\"wp-block-columns is-layout-flex wp-container-core-columns-is-layout-9d6595d7 wp-block-columns-is-layout-flex\">\n<div class=\"wp-block-column is-layout-flow wp-block-column-is-layout-flow\" style=\"flex-basis:100%\"><div class=\"wp-block-image\">\n<figure class=\"aligncenter size-medium\"><a href=\"https:\/\/chilemosaico.cl\/\"><img loading=\"lazy\" decoding=\"async\" width=\"300\" height=\"300\" src=\"https:\/\/chilemosaico.cl\/eventos\/wp-content\/uploads\/2023\/11\/Chilemosaico-300x300.png\" alt=\"Chilemosaico - Eventos en Arica-Parinacota e Iquique, Tarapac\u00e1\" class=\"wp-image-6096\" srcset=\"https:\/\/chilemosaico.cl\/eventos\/wp-content\/uploads\/2023\/11\/Chilemosaico-300x300.png 300w, https:\/\/chilemosaico.cl\/eventos\/wp-content\/uploads\/2023\/11\/Chilemosaico-1024x1024.png 1024w, https:\/\/chilemosaico.cl\/eventos\/wp-content\/uploads\/2023\/11\/Chilemosaico-150x150.png 150w, https:\/\/chilemosaico.cl\/eventos\/wp-content\/uploads\/2023\/11\/Chilemosaico-768x768.png 768w, https:\/\/chilemosaico.cl\/eventos\/wp-content\/uploads\/2023\/11\/Chilemosaico-500x500.png 500w, https:\/\/chilemosaico.cl\/eventos\/wp-content\/uploads\/2023\/11\/Chilemosaico.png 1200w\" sizes=\"auto, (max-width: 300px) 100vw, 300px\" \/><\/a><\/figure>\n<\/div><\/div>\n<\/div>\n\n\n\n<p><\/p>\n","protected":false},"excerpt":{"rendered":"<p>ACUSM\u00c1TICA SPA Ingenier\u00eda ac\u00fastica, ruidos y sonidos Servicio Informe Ac\u00fastico DS 38\/11 MMA: Nuestro servicio tiene como objetivo evaluar y generar informes ac\u00fasticos de emisi\u00f3n de ruidos, de acuerdo con los requerimientos de la Superintendencia del Medio Ambiente (SMA). Para ello, utilizamos equipos de medici\u00f3n certificados por el ISP Chile y profesionales especializados, lo que&#8230;<\/p>\n","protected":false},"author":1,"featured_media":5459,"parent":0,"menu_order":0,"comment_status":"closed","ping_status":"closed","template":"","meta":{"om_disable_all_campaigns":false,"_monsterinsights_skip_tracking":false,"_monsterinsights_sitenote_active":false,"_monsterinsights_sitenote_note":"","_monsterinsights_sitenote_category":0,"_kad_post_transparent":"","_kad_post_title":"hide","_kad_post_layout":"","_kad_post_sidebar_id":"","_kad_post_content_style":"","_kad_post_vertical_padding":"","_kad_post_feature":"","_kad_post_feature_position":"","_kad_post_header":true,"_kad_post_footer":true,"_kad_post_classname":"","footnotes":""},"class_list":["post-5353","page","type-page","status-publish","has-post-thumbnail","hentry"],"aioseo_notices":[],"_links":{"self":[{"href":"https:\/\/chilemosaico.cl\/eventos\/wp-json\/wp\/v2\/pages\/5353","targetHints":{"allow":["GET"]}}],"collection":[{"href":"https:\/\/chilemosaico.cl\/eventos\/wp-json\/wp\/v2\/pages"}],"about":[{"href":"https:\/\/chilemosaico.cl\/eventos\/wp-json\/wp\/v2\/types\/page"}],"author":[{"embeddable":true,"href":"https:\/\/chilemosaico.cl\/eventos\/wp-json\/wp\/v2\/users\/1"}],"replies":[{"embeddable":true,"href":"https:\/\/chilemosaico.cl\/eventos\/wp-json\/wp\/v2\/comments?post=5353"}],"version-history":[{"count":36,"href":"https:\/\/chilemosaico.cl\/eventos\/wp-json\/wp\/v2\/pages\/5353\/revisions"}],"predecessor-version":[{"id":13537,"href":"https:\/\/chilemosaico.cl\/eventos\/wp-json\/wp\/v2\/pages\/5353\/revisions\/13537"}],"wp:featuredmedia":[{"embeddable":true,"href":"https:\/\/chilemosaico.cl\/eventos\/wp-json\/wp\/v2\/media\/5459"}],"wp:attachment":[{"href":"https:\/\/chilemosaico.cl\/eventos\/wp-json\/wp\/v2\/media?parent=5353"}],"curies":[{"name":"wp","href":"https:\/\/api.w.org\/{rel}","templated":true}]}}