{"id":5502,"date":"2023-11-08T13:36:49","date_gmt":"2023-11-08T16:36:49","guid":{"rendered":"https:\/\/chilemosaico.cl\/eventos\/?page_id=5502"},"modified":"2025-10-15T15:33:14","modified_gmt":"2025-10-15T18:33:14","slug":"charlas-talleres-y-ponencias","status":"publish","type":"page","link":"https:\/\/chilemosaico.cl\/eventos\/charlas-talleres-y-ponencias\/","title":{"rendered":"Sin\u00f3psis de charlas, talleres y ponencias Ac\u00fastica y Sonidos"},"content":{"rendered":"\n<h1 class=\"wp-block-heading has-text-align-center has-large-font-size\">Sin\u00f3psis de charlas, talleres y ponencias Ac\u00fastica y Sonidos<\/h1>\n\n\n\n<div style=\"height:50px\" aria-hidden=\"true\" class=\"wp-block-spacer\"><\/div>\n\n\n\n<div class=\"wp-block-columns is-layout-flex wp-container-core-columns-is-layout-9d6595d7 wp-block-columns-is-layout-flex\">\n<div class=\"wp-block-column is-layout-flow wp-block-column-is-layout-flow\" style=\"flex-basis:25%\">\n<p><\/p>\n<\/div>\n\n\n\n<div class=\"wp-block-column is-layout-flow wp-block-column-is-layout-flow\" style=\"flex-basis:50%\">\n<p>Aqui una breve descripci\u00f3n de exposiciones que he presentado en estos \u00faltimos a\u00f1os. Agradezco la invitaci\u00f3n de cada uno de los organizadores y sus equipos de trabajo.<\/p>\n<\/div>\n\n\n\n<div class=\"wp-block-column is-layout-flow wp-block-column-is-layout-flow\" style=\"flex-basis:25%\"><\/div>\n<\/div>\n\n\n\n<div style=\"height:50px\" aria-hidden=\"true\" class=\"wp-block-spacer\"><\/div>\n\n\n\n<h2 class=\"wp-block-heading has-medium-font-size\"><strong>Ponencia \u00abPaisajes Sonoros desde Tarapac\u00e1\u00bb:<\/strong><\/h2>\n\n\n\n<div class=\"wp-block-columns are-vertically-aligned-center is-layout-flex wp-container-core-columns-is-layout-9d6595d7 wp-block-columns-is-layout-flex\">\n<div class=\"wp-block-column is-vertically-aligned-center is-layout-flow wp-block-column-is-layout-flow\" style=\"flex-basis:50%\"><\/div>\n\n\n\n<div class=\"wp-block-column is-vertically-aligned-center is-layout-flow wp-block-column-is-layout-flow\" style=\"flex-basis:50%\">\n<div class=\"wp-block-group\"><div class=\"wp-block-group__inner-container is-layout-constrained wp-block-group-is-layout-constrained\">\n<p class=\"has-medium-font-size\">Mediante esta ponencia presento parte del trabajo de investigaci\u00f3n y acciones vinculadas a difundir el patrimonio inmaterial del Paisaje Sonoro en zonas rurales y urbanas en Tarapac\u00e1. Compartiendo seis peque\u00f1os parlantes durante la ponencia, se inunda con sonidos de los diferentes pisos ecol\u00f3gicos de nuestra regi\u00f3n: Lobos marinos de Iquique,  las cabras des\u00e9rticas del Predio Villablanquino, el despertar de los p\u00e1jaros en Huavi\u00f1a, la lluvia en Cuisama, entre otros.<\/p>\n\n\n\n<ul class=\"wp-block-list\">\n<li class=\"has-medium-font-size\">2023 Agosto. Ponencia para encuentro \u00abSonidos, m\u00fasicas y espacios\u00bb organizado por Museo Nacional de Etnograf\u00eda y Folklore (MUSEF). La Paz, Bolivia<\/li>\n\n\n\n<li class=\"has-medium-font-size\">2023 Octubre. Ponencia para encuentro \u00abSonidos, m\u00fasicas y espacios\u00bb organizado por MUSEF y la Universidad Mayor S\u00e1n Sim\u00f3n (UMSS). Cochabamba, Bolivia.<\/li>\n<\/ul>\n<\/div><\/div>\n<\/div>\n<\/div>\n\n\n\n<div style=\"height:50px\" aria-hidden=\"true\" class=\"wp-block-spacer\"><\/div>\n\n\n\n<h2 class=\"wp-block-heading has-medium-font-size\"><strong>Taller \u00abSonidos que me habitan y la olla est\u00e9reo\u00bb:<\/strong><\/h2>\n\n\n\n<div class=\"wp-block-columns are-vertically-aligned-center is-layout-flex wp-container-core-columns-is-layout-9d6595d7 wp-block-columns-is-layout-flex\">\n<div class=\"wp-block-column is-vertically-aligned-center is-layout-flow wp-block-column-is-layout-flow\"><div class=\"wp-block-image\">\n<figure class=\"aligncenter size-large\"><img loading=\"lazy\" decoding=\"async\" width=\"1024\" height=\"1024\" src=\"https:\/\/chilemosaico.cl\/eventos\/wp-content\/uploads\/2023\/11\/Sonidos-que-me-habitan-y-la-olla-estereo-2-1024x1024.jpg\" alt=\"\" class=\"wp-image-5788\" srcset=\"https:\/\/chilemosaico.cl\/eventos\/wp-content\/uploads\/2023\/11\/Sonidos-que-me-habitan-y-la-olla-estereo-2-1024x1024.jpg 1024w, https:\/\/chilemosaico.cl\/eventos\/wp-content\/uploads\/2023\/11\/Sonidos-que-me-habitan-y-la-olla-estereo-2-300x300.jpg 300w, https:\/\/chilemosaico.cl\/eventos\/wp-content\/uploads\/2023\/11\/Sonidos-que-me-habitan-y-la-olla-estereo-2-150x150.jpg 150w, https:\/\/chilemosaico.cl\/eventos\/wp-content\/uploads\/2023\/11\/Sonidos-que-me-habitan-y-la-olla-estereo-2-768x768.jpg 768w, https:\/\/chilemosaico.cl\/eventos\/wp-content\/uploads\/2023\/11\/Sonidos-que-me-habitan-y-la-olla-estereo-2-500x500.jpg 500w, https:\/\/chilemosaico.cl\/eventos\/wp-content\/uploads\/2023\/11\/Sonidos-que-me-habitan-y-la-olla-estereo-2.jpg 1280w\" sizes=\"auto, (max-width: 1024px) 100vw, 1024px\" \/><\/figure>\n<\/div><\/div>\n\n\n\n<div class=\"wp-block-column is-vertically-aligned-center is-layout-flow wp-block-column-is-layout-flow\">\n<p class=\"has-medium-font-size\">Gracias a la invitaci\u00f3n de la artista <a href=\"https:\/\/web.facebook.com\/susana.varelaleiva\/\">SuVarela Otra Vez<\/a>, organizamos un taller dirigido a estudiantes de educaci\u00f3n b\u00e1sica en el marco del Festival de Artes \u00abSomos Patrimonio\u00bb Junaeb y Movimiento Fibra 2023. Consta de un viaje por estaciones con diversos sonidos e instrumentos musicales que ir\u00e1n dando paso a elementos cotidianos, sumando dispositivos de experimentaci\u00f3n para la participaci\u00f3n activa de los j\u00f3venes estudiantes.<\/p>\n\n\n\n<ul class=\"wp-block-list\">\n<li class=\"has-medium-font-size\">2023 mayo. Escuela P\u00fablica F-100 Vertiente del Saber. Pica, Chile.<\/li>\n\n\n\n<li class=\"has-medium-font-size\">2023 junio. Colegio San Lorenzo de Tarapac\u00e1. Alto Hospicio, Chile.<\/li>\n<\/ul>\n<\/div>\n<\/div>\n\n\n\n<div style=\"height:50px\" aria-hidden=\"true\" class=\"wp-block-spacer\"><\/div>\n\n\n\n<h2 class=\"wp-block-heading has-medium-font-size\"><strong>Charla \u00abExperimentos Sonoros\u00bb:<\/strong><\/h2>\n\n\n\n<div class=\"wp-block-columns are-vertically-aligned-center is-layout-flex wp-container-core-columns-is-layout-9d6595d7 wp-block-columns-is-layout-flex\">\n<div class=\"wp-block-column is-vertically-aligned-center is-layout-flow wp-block-column-is-layout-flow\"><\/div>\n\n\n\n<div class=\"wp-block-column is-vertically-aligned-center is-layout-flow wp-block-column-is-layout-flow\">\n<p class=\"has-medium-font-size\">Charla-taller que se orienta en presentar las posibilidades creativas del ruidismo y el arte sonoro. Sensores, micr\u00f3fonos de contactos, entre otros artilugios son ejemplificados para crear registros y nuevas texturas sonoras.<\/p>\n\n\n\n<ul class=\"wp-block-list\">\n<li class=\"has-medium-font-size\">2021 julio. Exposici\u00f3n en la 5\u00ba versi\u00f3n de La Plaza de las Artes y Econom\u00edas Creativas. Iquique, Chile<\/li>\n\n\n\n<li class=\"has-medium-font-size\">2022 Enero. Exposici\u00f3n para Festival Ruco en Poblaci\u00f3n Caupolic\u00e1n. Iquique, Chile <\/li>\n\n\n\n<li class=\"has-medium-font-size\">2023 octubre. Dirigido a estudiantes de ingenier\u00eda de Sonido de UNITEPC.  La Paz, Bolivia.<\/li>\n<\/ul>\n<\/div>\n<\/div>\n\n\n\n<div style=\"height:50px\" aria-hidden=\"true\" class=\"wp-block-spacer\"><\/div>\n\n\n\n<h2 class=\"wp-block-heading has-medium-font-size\"><strong>Charla \u00abCadena Electroac\u00fastica\u00bb:<\/strong><\/h2>\n\n\n\n<div class=\"wp-block-columns is-layout-flex wp-container-core-columns-is-layout-9d6595d7 wp-block-columns-is-layout-flex\">\n<div class=\"wp-block-column is-vertically-aligned-top is-layout-flow wp-block-column-is-layout-flow\"><\/div>\n\n\n\n<div class=\"wp-block-column is-vertically-aligned-center is-layout-flow wp-block-column-is-layout-flow\">\n<p class=\"has-medium-font-size\">Charla te\u00f3rica y\/o pr\u00e1ctica que propone conversar sobre las etapas, niveles y dispositivos que usamos al planificar un sistema de audio. Una charla introductoria para ingresar a los aspectos t\u00e9cnicos del audio profesinal.<\/p>\n\n\n\n<ul class=\"wp-block-list\">\n<li class=\"has-medium-font-size\">2022 Febrero. Charla te\u00f3rica-pr\u00e1ctica Sala.Chilemosaico. Iquique, Chile.<\/li>\n\n\n\n<li class=\"has-medium-font-size\">2023 Septiembre. Charla te\u00f3rica en Sala Nortedetonante. Iquique, Chile<\/li>\n\n\n\n<li class=\"has-medium-font-size\">2023 Agosto. Dirigido a estudiantes de ingenier\u00eda de Sonido de UNITEPC. La Paz, Bolivia.<\/li>\n\n\n\n<li class=\"has-medium-font-size\">2023 Octubre. Dirigido a estudiantes de T\u00e9cnico de Sonido de ESCA. Cochabamba, Bolivia.<\/li>\n\n\n\n<li class=\"has-medium-font-size\">2023 Noviembre. Charla pr\u00e1ctica en Pueblo de Sibaya, Chile.<\/li>\n<\/ul>\n<\/div>\n<\/div>\n\n\n\n<div style=\"height:50px\" aria-hidden=\"true\" class=\"wp-block-spacer\"><\/div>\n\n\n\n<div class=\"wp-block-group\"><div class=\"wp-block-group__inner-container is-layout-constrained wp-block-group-is-layout-constrained\">\n<h2 class=\"wp-block-heading has-medium-font-size\"><strong>Otras charlas, talleres:<\/strong><\/h2>\n\n\n\n<div class=\"wp-block-columns are-vertically-aligned-center is-layout-flex wp-container-core-columns-is-layout-9d6595d7 wp-block-columns-is-layout-flex\">\n<div class=\"wp-block-column is-vertically-aligned-center is-layout-flow wp-block-column-is-layout-flow\">\n<p><\/p>\n\n\n<div class=\"wp-block-image\">\n<figure class=\"aligncenter size-medium\"><img loading=\"lazy\" decoding=\"async\" width=\"300\" height=\"300\" src=\"https:\/\/chilemosaico.cl\/eventos\/wp-content\/uploads\/2023\/11\/imgpsh_fullsize_anim-2-edit-300x300.jpg\" alt=\"\" class=\"wp-image-5401\" srcset=\"https:\/\/chilemosaico.cl\/eventos\/wp-content\/uploads\/2023\/11\/imgpsh_fullsize_anim-2-edit-300x300.jpg 300w, https:\/\/chilemosaico.cl\/eventos\/wp-content\/uploads\/2023\/11\/imgpsh_fullsize_anim-2-edit-150x150.jpg 150w, https:\/\/chilemosaico.cl\/eventos\/wp-content\/uploads\/2023\/11\/imgpsh_fullsize_anim-2-edit-768x768.jpg 768w, https:\/\/chilemosaico.cl\/eventos\/wp-content\/uploads\/2023\/11\/imgpsh_fullsize_anim-2-edit-500x500.jpg 500w, https:\/\/chilemosaico.cl\/eventos\/wp-content\/uploads\/2023\/11\/imgpsh_fullsize_anim-2-edit.jpg 1024w\" sizes=\"auto, (max-width: 300px) 100vw, 300px\" \/><\/figure>\n<\/div><\/div>\n\n\n\n<div class=\"wp-block-column is-vertically-aligned-center is-layout-flow wp-block-column-is-layout-flow\">\n<ul class=\"wp-block-list\">\n<li class=\"has-medium-font-size\">F\u00edsica del Sonido<\/li>\n\n\n\n<li class=\"has-medium-font-size\">Micr\u00f3fonos, niveles y cables<\/li>\n\n\n\n<li class=\"has-medium-font-size\">Introducci\u00f3n a DAW y herramientas Pro Tools<\/li>\n\n\n\n<li class=\"has-medium-font-size\">Acustica para home studio<\/li>\n\n\n\n<li class=\"has-medium-font-size\">Informes ac\u00fasticos DS 38\/11<\/li>\n<\/ul>\n<\/div>\n<\/div>\n<\/div><\/div>\n\n\n\n<div style=\"height:50px\" aria-hidden=\"true\" class=\"wp-block-spacer\"><\/div>\n\n\n\n<div class=\"wp-block-columns is-layout-flex wp-container-core-columns-is-layout-9d6595d7 wp-block-columns-is-layout-flex\">\n<div class=\"wp-block-column is-layout-flow wp-block-column-is-layout-flow\" style=\"flex-basis:25%\"><\/div>\n\n\n\n<div class=\"wp-block-column is-layout-flow wp-block-column-is-layout-flow\" style=\"flex-basis:50%\">\n<p><\/p>\n\n\n\n<p class=\"has-text-align-center has-medium-font-size\">Acerca de:<\/p>\n\n\n\n<p class=\"has-text-align-center has-medium-font-size\"><strong>Adolfo Boris V\u00e1squez Vergara<\/strong><\/p>\n\n\n\n<ul class=\"wp-block-list\">\n<li class=\"has-medium-font-size\">En lo personal: Esp\u00edritu inquieto. Aprendiz de lenguas originarias.<\/li>\n\n\n\n<li class=\"has-medium-font-size\">En lo profesional: Licenciado e ingeniero Ac\u00fastico | Publicista | Avid Certified. User Pro Tools 101 and 110.<\/li>\n<\/ul>\n\n\n\n<p class=\"has-text-align-center has-medium-font-size\">Actualmente, impulso iniciativas de arte sonoro y paisaje sonoro en el norte de Chile. <\/p>\n\n\n\n<ul class=\"wp-block-list\">\n<li class=\"has-medium-font-size\">Correo: adolfov.v[arroba]yahoo.com<\/li>\n\n\n\n<li class=\"has-medium-font-size\">Tel\u00e9fono: +56 9 7678 2653 (no whatsapp)<\/li>\n<\/ul>\n<\/div>\n\n\n\n<div class=\"wp-block-column is-layout-flow wp-block-column-is-layout-flow\" style=\"flex-basis:25%\"><\/div>\n<\/div>\n\n\n\n<p><\/p>\n\n\n<div class=\"wp-block-image\">\n<figure class=\"aligncenter size-medium is-resized\"><a href=\"https:\/\/chilemosaico.cl\/eventos\/proyectos\/\"><img decoding=\"async\" src=\"https:\/\/chilemosaico.cl\/acusgrafia\/wp-content\/uploads\/2025\/09\/Otros-proyectos-avv-300x300.jpg\" alt=\"\" class=\"wp-image-620\" style=\"width:300px;height:auto\"\/><\/a><figcaption class=\"wp-element-caption\">Otros proyectos realizados<\/figcaption><\/figure>\n<\/div>\n\n\n<div style=\"height:49px\" aria-hidden=\"true\" class=\"wp-block-spacer\"><\/div>\n\n\n\n<div class=\"wp-block-kadence-image kb-image5502_5d21ad-2f\"><figure class=\"aligncenter size-full\"><a href=\"https:\/\/chilemosaico.cl\/eventos\/informe-acustico-ds-38\" class=\"kb-advanced-image-link\"><img loading=\"lazy\" decoding=\"async\" width=\"2000\" height=\"574\" src=\"https:\/\/chilemosaico.cl\/eventos\/wp-content\/uploads\/2023\/11\/Acusmatica-Ingenieria-Acustica-Ruidos-Sonidos-iquique.jpg\" alt=\"\" class=\"kb-img wp-image-5459\" srcset=\"https:\/\/chilemosaico.cl\/eventos\/wp-content\/uploads\/2023\/11\/Acusmatica-Ingenieria-Acustica-Ruidos-Sonidos-iquique.jpg 2000w, https:\/\/chilemosaico.cl\/eventos\/wp-content\/uploads\/2023\/11\/Acusmatica-Ingenieria-Acustica-Ruidos-Sonidos-iquique-300x86.jpg 300w, https:\/\/chilemosaico.cl\/eventos\/wp-content\/uploads\/2023\/11\/Acusmatica-Ingenieria-Acustica-Ruidos-Sonidos-iquique-1024x294.jpg 1024w, https:\/\/chilemosaico.cl\/eventos\/wp-content\/uploads\/2023\/11\/Acusmatica-Ingenieria-Acustica-Ruidos-Sonidos-iquique-768x220.jpg 768w, https:\/\/chilemosaico.cl\/eventos\/wp-content\/uploads\/2023\/11\/Acusmatica-Ingenieria-Acustica-Ruidos-Sonidos-iquique-1536x441.jpg 1536w\" sizes=\"auto, (max-width: 2000px) 100vw, 2000px\" \/><\/a><\/figure><\/div>\n\n\n\n<p><\/p>\n","protected":false},"excerpt":{"rendered":"<p>Sin\u00f3psis de charlas, talleres y ponencias Ac\u00fastica y Sonidos Aqui una breve descripci\u00f3n de exposiciones que he presentado en estos \u00faltimos a\u00f1os. Agradezco la invitaci\u00f3n de cada uno de los organizadores y sus equipos de trabajo. Ponencia \u00abPaisajes Sonoros desde Tarapac\u00e1\u00bb: Mediante esta ponencia presento parte del trabajo de investigaci\u00f3n y acciones vinculadas a difundir&#8230;<\/p>\n","protected":false},"author":1,"featured_media":5557,"parent":0,"menu_order":0,"comment_status":"closed","ping_status":"closed","template":"","meta":{"om_disable_all_campaigns":false,"_monsterinsights_skip_tracking":false,"_monsterinsights_sitenote_active":false,"_monsterinsights_sitenote_note":"","_monsterinsights_sitenote_category":0,"_kad_post_transparent":"","_kad_post_title":"","_kad_post_layout":"","_kad_post_sidebar_id":"","_kad_post_content_style":"","_kad_post_vertical_padding":"","_kad_post_feature":"","_kad_post_feature_position":"","_kad_post_header":false,"_kad_post_footer":false,"_kad_post_classname":"","footnotes":""},"class_list":["post-5502","page","type-page","status-publish","has-post-thumbnail","hentry"],"aioseo_notices":[],"_links":{"self":[{"href":"https:\/\/chilemosaico.cl\/eventos\/wp-json\/wp\/v2\/pages\/5502","targetHints":{"allow":["GET"]}}],"collection":[{"href":"https:\/\/chilemosaico.cl\/eventos\/wp-json\/wp\/v2\/pages"}],"about":[{"href":"https:\/\/chilemosaico.cl\/eventos\/wp-json\/wp\/v2\/types\/page"}],"author":[{"embeddable":true,"href":"https:\/\/chilemosaico.cl\/eventos\/wp-json\/wp\/v2\/users\/1"}],"replies":[{"embeddable":true,"href":"https:\/\/chilemosaico.cl\/eventos\/wp-json\/wp\/v2\/comments?post=5502"}],"version-history":[{"count":6,"href":"https:\/\/chilemosaico.cl\/eventos\/wp-json\/wp\/v2\/pages\/5502\/revisions"}],"predecessor-version":[{"id":14016,"href":"https:\/\/chilemosaico.cl\/eventos\/wp-json\/wp\/v2\/pages\/5502\/revisions\/14016"}],"wp:featuredmedia":[{"embeddable":true,"href":"https:\/\/chilemosaico.cl\/eventos\/wp-json\/wp\/v2\/media\/5557"}],"wp:attachment":[{"href":"https:\/\/chilemosaico.cl\/eventos\/wp-json\/wp\/v2\/media?parent=5502"}],"curies":[{"name":"wp","href":"https:\/\/api.w.org\/{rel}","templated":true}]}}