{"id":688,"date":"2023-02-16T03:35:19","date_gmt":"2023-02-16T06:35:19","guid":{"rendered":"https:\/\/chilemosaico.cl\/eventos\/?page_id=688"},"modified":"2026-03-22T03:12:16","modified_gmt":"2026-03-22T06:12:16","slug":"sonido-marmota","status":"publish","type":"page","link":"https:\/\/chilemosaico.cl\/eventos\/sonido-marmota\/","title":{"rendered":"Sonido Marmota"},"content":{"rendered":"\n<div class=\"wp-block-cover alignfull is-light has-parallax has-theme-palette-7-color has-text-color has-link-color wp-elements-1d1b14a540615a23146b488b7cdaf075\" style=\"margin-top:0;margin-bottom:0;padding-top:var(--wp--preset--spacing--60);padding-bottom:var(--wp--preset--spacing--60);min-height:840px;aspect-ratio:unset;\"><div class=\"wp-block-cover__image-background wp-image-12582 size-full has-parallax\" style=\"background-position:50% 50%;background-image:url(https:\/\/chilemosaico.cl\/eventos\/wp-content\/uploads\/2025\/06\/Sonido-marmota-1.jpg)\"><\/div><span aria-hidden=\"true\" class=\"wp-block-cover__background has-background-dim\" style=\"background-color:#94857e\"><\/span><div class=\"wp-block-cover__inner-container is-layout-flow wp-block-cover-is-layout-flow\">\n<h1 class=\"wp-block-heading has-theme-palette-8-color has-text-color has-link-color has-larger-font-size wp-elements-2cb1cc8c02a200c27cc2a4ed418125f6\"><strong>Sonido Marmota<\/strong><\/h1>\n\n\n\n<p class=\"has-ast-global-color-4-color has-text-color has-link-color has-large-font-size wp-elements-fbaaf5e7c341d8dffdc6d368fd2fbd4a\">Exhibici\u00f3n sonora online permanente. <\/p>\n\n\n\n<p><\/p>\n\n\n\n<p class=\"has-ast-global-color-4-color has-text-color has-link-color has-large-font-size wp-elements-56fe30b25632cef29ca5990aa60589de\">Registros sonoros de 24 horas continuas que se repiten d\u00eda a d\u00eda.<\/p>\n<\/div><\/div>\n\n\n\n<div class=\"wp-block-cover alignfull has-parallax\" style=\"margin-top:0;padding-top:5vw;padding-right:5vw;padding-bottom:5vw;padding-left:5vw;min-height:66vh;aspect-ratio:unset;\"><div class=\"wp-block-cover__image-background wp-image-5216 size-full has-parallax\" style=\"background-position:50% 50%;background-image:url(https:\/\/chilemosaico.cl\/eventos\/wp-content\/uploads\/2023\/10\/Sonido-Marmota.jpg)\"><\/div><span aria-hidden=\"true\" class=\"wp-block-cover__background has-background-dim-80 has-background-dim wp-block-cover__gradient-background has-background-gradient\" style=\"background:linear-gradient(90deg,rgb(28,28,46) 23%,rgb(35,74,20) 50%,rgb(177,207,225) 50%)\"><\/span><div class=\"wp-block-cover__inner-container is-layout-flow wp-block-cover-is-layout-flow\">\n<p class=\"has-text-align-center has-large-font-size\"><\/p>\n\n\n\n<div class=\"wp-block-columns alignwide has-medium-font-size is-layout-flex wp-container-core-columns-is-layout-a31ce547 wp-block-columns-is-layout-flex\" style=\"border-style:none;border-width:0px;border-top-left-radius:0px;border-top-right-radius:0px;border-bottom-left-radius:0px;border-bottom-right-radius:0px;margin-top:0;margin-bottom:0;padding-top:0;padding-right:0;padding-bottom:0;padding-left:0\">\n<div class=\"wp-block-column is-vertically-aligned-top has-theme-palette-3-color has-theme-palette-8-background-color has-text-color has-background has-link-color wp-elements-d43a07d85ca6cd1a5546fd9c282c6b57 is-layout-flow wp-block-column-is-layout-flow\" style=\"border-top-left-radius:21px;border-top-right-radius:21px;border-bottom-left-radius:21px;border-bottom-right-radius:21px;padding-top:var(--wp--preset--spacing--70);padding-right:var(--wp--preset--spacing--70);padding-bottom:var(--wp--preset--spacing--70);padding-left:var(--wp--preset--spacing--70);flex-basis:50%\"><div class=\"wp-block-image\">\n<figure class=\"aligncenter size-full\"><img loading=\"lazy\" decoding=\"async\" width=\"510\" height=\"510\" src=\"https:\/\/chilemosaico.cl\/eventos\/wp-content\/uploads\/2025\/06\/Sonido-marmota-Iquique.jpg\" alt=\"\" class=\"wp-image-12575\" srcset=\"https:\/\/chilemosaico.cl\/eventos\/wp-content\/uploads\/2025\/06\/Sonido-marmota-Iquique.jpg 510w, https:\/\/chilemosaico.cl\/eventos\/wp-content\/uploads\/2025\/06\/Sonido-marmota-Iquique-300x300.jpg 300w, https:\/\/chilemosaico.cl\/eventos\/wp-content\/uploads\/2025\/06\/Sonido-marmota-Iquique-150x150.jpg 150w, https:\/\/chilemosaico.cl\/eventos\/wp-content\/uploads\/2025\/06\/Sonido-marmota-Iquique-500x500.jpg 500w\" sizes=\"auto, (max-width: 510px) 100vw, 510px\" \/><\/figure>\n<\/div>\n\n\n<div style=\"width: 750px; height: 60px; overflow: hidden; position: relative; border-radius: 8px;\">\n    <iframe loading=\"lazy\" \n        src=\"https:\/\/zeno.fm\/player\/sonido-marmota-paisaje-sonoro-que-se-repite-cada-dia-2019-06-14-iquique\" \n        width=\"520\" \n        height=\"175\" \n        frameborder=\"0\" \n        scrolling=\"no\" \n        style=\"position: absolute; top: -120px; left: 0;\">\n    <\/iframe>\n<\/div>\n\n\n\n<p><\/p>\n\n\n\n<details class=\"wp-block-details is-layout-flow wp-block-details-is-layout-flow\"><summary>Detalles: Registro Iquique<\/summary>\n<p class=\"has-text-align-left has-medium-font-size\">Grabaci\u00f3n realizada el 2019 sobre el techo, antes del estallido social en Chile. Se eligi\u00f3 un d\u00eda cualquiera, inicialmente solo quer\u00eda salir de la duda si la grabadora pod\u00eda registrar m\u00e1s de un d\u00eda. Posteriormente, cuando lleg\u00f3 la pandemia de 2020, el archivo de audio lo edit\u00e9 para ajustar su inicio a las 00:00 y final a las 24:00 horas. Luego, fue cargada por tramos de una hora a la radio online. De este modo es reproducido en un bucle sucesivo. Por cuestiones t\u00e9cnicas se desajusta peri\u00f3dicamente, pero es mejorable.<\/p>\n\n\n\n<p class=\"has-medium-font-size\">Su contenido es b\u00e1sicamente tr\u00e1fico vehicular, voces de la calle, animales urbanos, viento y en la madrugada recuerdo haber escuchado gritos de una pelea callejera. Muy random.<\/p>\n\n\n\n<ul class=\"wp-block-list\">\n<li class=\"has-medium-font-size\">Lugar: Almirante Latorre con Arturo Fern\u00e1ndez. Centro de Iquique.<\/li>\n\n\n\n<li class=\"has-medium-font-size\">Inicio: Viernes 14 de junio 2019, aprox. 01:30 AM.<\/li>\n\n\n\n<li class=\"has-medium-font-size\">Final: S\u00e1bado 15 de junio 2019, aprox. 01:30 AM.<\/li>\n\n\n\n<li class=\"has-medium-font-size\">Grabaci\u00f3n: Sistema XY est\u00e9reo. Sin mayor edici\u00f3n posterior.<\/li>\n\n\n\n<li class=\"has-medium-font-size\">Edici\u00f3n: Octubre? 2020, durante la pandemia.<\/li>\n<\/ul>\n<\/details>\n<\/div>\n\n\n\n<div class=\"wp-block-column is-vertically-aligned-top has-theme-palette-4-color has-theme-palette-7-background-color has-text-color has-background has-link-color wp-elements-51985e535662030f61f7809262ffe1a3 is-layout-flow wp-block-column-is-layout-flow\" style=\"border-top-left-radius:21px;border-top-right-radius:21px;border-bottom-left-radius:21px;border-bottom-right-radius:21px;padding-top:var(--wp--preset--spacing--70);padding-right:var(--wp--preset--spacing--70);padding-bottom:var(--wp--preset--spacing--70);padding-left:var(--wp--preset--spacing--70);flex-basis:50%\"><div class=\"wp-block-image\">\n<figure class=\"aligncenter size-full\"><img loading=\"lazy\" decoding=\"async\" width=\"510\" height=\"510\" src=\"https:\/\/chilemosaico.cl\/eventos\/wp-content\/uploads\/2025\/06\/Sonido-marmota-mini-mine.jpg\" alt=\"\" class=\"wp-image-12576\" srcset=\"https:\/\/chilemosaico.cl\/eventos\/wp-content\/uploads\/2025\/06\/Sonido-marmota-mini-mine.jpg 510w, https:\/\/chilemosaico.cl\/eventos\/wp-content\/uploads\/2025\/06\/Sonido-marmota-mini-mine-300x300.jpg 300w, https:\/\/chilemosaico.cl\/eventos\/wp-content\/uploads\/2025\/06\/Sonido-marmota-mini-mine-150x150.jpg 150w, https:\/\/chilemosaico.cl\/eventos\/wp-content\/uploads\/2025\/06\/Sonido-marmota-mini-mine-500x500.jpg 500w\" sizes=\"auto, (max-width: 510px) 100vw, 510px\" \/><\/figure>\n<\/div>\n\n\n<div style=\"width: 750px; height: 60px; overflow: hidden; position: relative; border-radius: 8px;\">\n    <iframe loading=\"lazy\" \n        src=\"https:\/\/zeno.fm\/player\/mini-mine-24-hrs\" \n        width=\"520\" \n        height=\"175\" \n        frameborder=\"0\" \n        scrolling=\"no\" \n        style=\"position: absolute; top: -120px; left: 0;\">\n    <\/iframe>\n<\/div>\n\n\n\n<p><\/p>\n\n\n\n<details class=\"wp-block-details is-layout-flow wp-block-details-is-layout-flow\"><summary>Detalles: Registro Mi\u00f1i-Mi\u00f1e<\/summary>\n<p class=\"has-medium-font-size\">Grabado en el pueblo de Mi\u00f1i-mi\u00f1e, regi\u00f3n de Tarapac\u00e1, con micr\u00f3fonos muy sensibles a 32 bits de punto flotante. Dado que el lugar fue muy silencioso (sonometro entreg\u00f3 un Leq de 44dBA para las 24 horas), en la edici\u00f3n se normaliz\u00f3 su nivel ganando varios dB extras, por ello d\u00e1 la sensaci\u00f3n que hay \u00abm\u00e1s volumen\u00bb. <\/p>\n\n\n\n<p class=\"has-text-align-left has-medium-font-size\">Su contenido principalmente es el ambiente que genera el entorno del r\u00edo Mi\u00f1e Mi\u00f1e y el caudal de canaletas de agua para el riego de diversas chacras comunitarias. El sector es muy tranquilo. Excepcionalmente ese d\u00eda me indican que hubo motores y m\u00fasica de fondo debido a que eran d\u00edas previos a la festividad por la Virgen del Carmen.<\/p>\n\n\n\n<p class=\"has-medium-font-size\">Geofon\u00eda del viento, aves ocasionales, presencia de animales diurnos y nocturos. <\/p>\n\n\n\n<ul class=\"wp-block-list\">\n<li class=\"has-medium-font-size\">Lugar: Sector Santa B\u00e1rbara, Mi\u00f1e Mi\u00f1e.<\/li>\n\n\n\n<li class=\"has-medium-font-size\">Inicio: Domingo 14 de julio 2024, aprox. 12:00 (mediod\u00eda).<\/li>\n\n\n\n<li class=\"has-medium-font-size\">Final: Lunes 15 de julio 2024, aprox. 12:00 (mediod\u00eda).<\/li>\n\n\n\n<li class=\"has-medium-font-size\">Grabaci\u00f3n: Sistema ambis\u00f3nico.<\/li>\n\n\n\n<li class=\"has-medium-font-size\">Edici\u00f3n: Convertido en estereo fijo, 2024.<\/li>\n<\/ul>\n\n\n\n<p>Reales agradecimientos a toda la poblaci\u00f3n humana, animales, pajaritos, bichos, seres vivos y no-vivientes, fantasmales de Mi\u00f1e-Mi\u00f1e.<\/p>\n\n\n\n<p class=\"has-medium-font-size\">El sonido fue obtenido en el proyecto <a href=\"https:\/\/chilemosaico.cl\/acusgrafia\/\" target=\"_blank\" rel=\"noopener sponsored\" title=\"\">chilemosaico.cl\/acusgrafia<\/a><\/p>\n<\/details>\n<\/div>\n<\/div>\n\n\n\n<p class=\"has-text-align-center has-large-font-size\"><\/p>\n<\/div><\/div>\n\n\n\n<h3 class=\"wp-block-heading has-medium-font-size\">Proyecto incompleto<\/h3>\n\n\n\n<p class=\"has-medium-font-size\">Se sigue buscando otros lugares, otros d\u00edas sonoros. Ideas y propuestas se aceptan, se colabora si quieres incluir alguno de tus registros de 24 horas.<\/p>\n\n\n\n<p><\/p>\n","protected":false},"excerpt":{"rendered":"<p>Proyecto incompleto Se sigue buscando otros lugares, otros d\u00edas sonoros. Ideas y propuestas se aceptan, se colabora si quieres incluir alguno de tus registros de 24 horas.<\/p>\n","protected":false},"author":1,"featured_media":12576,"parent":0,"menu_order":2,"comment_status":"closed","ping_status":"closed","template":"","meta":{"om_disable_all_campaigns":false,"_monsterinsights_skip_tracking":false,"_monsterinsights_sitenote_active":false,"_monsterinsights_sitenote_note":"","_monsterinsights_sitenote_category":0,"_kad_post_transparent":"","_kad_post_title":"","_kad_post_layout":"","_kad_post_sidebar_id":"","_kad_post_content_style":"","_kad_post_vertical_padding":"default","_kad_post_feature":"","_kad_post_feature_position":"","_kad_post_header":false,"_kad_post_footer":false,"_kad_post_classname":"","footnotes":""},"class_list":["post-688","page","type-page","status-publish","has-post-thumbnail","hentry"],"aioseo_notices":[],"_links":{"self":[{"href":"https:\/\/chilemosaico.cl\/eventos\/wp-json\/wp\/v2\/pages\/688","targetHints":{"allow":["GET"]}}],"collection":[{"href":"https:\/\/chilemosaico.cl\/eventos\/wp-json\/wp\/v2\/pages"}],"about":[{"href":"https:\/\/chilemosaico.cl\/eventos\/wp-json\/wp\/v2\/types\/page"}],"author":[{"embeddable":true,"href":"https:\/\/chilemosaico.cl\/eventos\/wp-json\/wp\/v2\/users\/1"}],"replies":[{"embeddable":true,"href":"https:\/\/chilemosaico.cl\/eventos\/wp-json\/wp\/v2\/comments?post=688"}],"version-history":[{"count":130,"href":"https:\/\/chilemosaico.cl\/eventos\/wp-json\/wp\/v2\/pages\/688\/revisions"}],"predecessor-version":[{"id":17282,"href":"https:\/\/chilemosaico.cl\/eventos\/wp-json\/wp\/v2\/pages\/688\/revisions\/17282"}],"wp:featuredmedia":[{"embeddable":true,"href":"https:\/\/chilemosaico.cl\/eventos\/wp-json\/wp\/v2\/media\/12576"}],"wp:attachment":[{"href":"https:\/\/chilemosaico.cl\/eventos\/wp-json\/wp\/v2\/media?parent=688"}],"curies":[{"name":"wp","href":"https:\/\/api.w.org\/{rel}","templated":true}]}}