{"id":985,"date":"2023-03-12T05:21:05","date_gmt":"2023-03-12T08:21:05","guid":{"rendered":"https:\/\/chilemosaico.cl\/eventos\/?page_id=985"},"modified":"2024-01-12T05:28:00","modified_gmt":"2024-01-12T08:28:00","slug":"amukina-2021-en-museo-regional-de-iquique","status":"publish","type":"page","link":"https:\/\/chilemosaico.cl\/eventos\/preservar-el-silencio\/amukina-2021-en-museo-regional-de-iquique\/","title":{"rendered":"Amuki\u00f1a 2021: Instalaci\u00f3n Sonora en Museo Regional de Iquique"},"content":{"rendered":"\n<p class=\"has-text-align-center\"><\/p>\n\n\n<div class=\"wp-block-image\">\n<figure class=\"aligncenter size-large\"><a href=\"http:\/\/chilemosaico.cl\/wp-content\/uploads\/2021\/03\/Instalacion-Spnora-Amukin\u0303a-2-1200x844-1.jpg\"><img decoding=\"async\" src=\"http:\/\/minimap.cl\/chilemosaico.cl\/wp-content\/uploads\/2021\/03\/Instalacion-Spnora-Amukin\u0303a-2-1200x844-1-edited.jpg\" alt=\"\"\/><\/a><\/figure>\n<\/div>\n\n\n<div class=\"wp-block-columns is-layout-flex wp-container-core-columns-is-layout-9d6595d7 wp-block-columns-is-layout-flex\">\n<div class=\"wp-block-column is-layout-flow wp-block-column-is-layout-flow\">\n<p><\/p>\n\n\n\n<p>\u00ab<strong>Amuki\u00f1a<\/strong>: Sonidos Rurales de Tarapac\u00e1\u00bb es una exhibici\u00f3n de los archivos sonoros del proyecto Preservar el Silencio, que consisti\u00f3 en registrar el paisaje sonoro en cuatro localidades rurales en predios y chacras de productores aymaras de Tarapac\u00e1. Esta instalaci\u00f3n sonora busca reinterpretar los lugares rurales de Tarapac\u00e1 desde la perspectiva auditiva, reduciendo el uso de im\u00e1genes. Se trata de un imaginario sonoro que, sin romantizar, muestra lo amable, agreste y silencioso del entorno rural.<\/p>\n\n\n\n<p>Los invitamos a este peque\u00f1o ejercicio de escucha<\/p>\n<\/div>\n<\/div>\n\n\n\n<div class=\"wp-block-kadence-accordion alignnone\"><div class=\"kt-accordion-wrap kt-accordion-id985_809616-6f kt-accordion-has-14-panes kt-active-pane-10 kt-accordion-block kt-pane-header-alignment-left kt-accodion-icon-style-arrow kt-accodion-icon-side-right\" style=\"max-width:none\"><div class=\"kt-accordion-inner-wrap\" data-allow-multiple-open=\"true\" data-start-open=\"10\">\n<div class=\"wp-block-kadence-pane kt-accordion-pane kt-accordion-pane-13 kt-pane985_8a9b42-4f\"><div class=\"kt-accordion-header-wrap\"><button class=\"kt-blocks-accordion-header kt-acccordion-button-label-show\"><span class=\"kt-blocks-accordion-title-wrap\"><span class=\"kt-blocks-accordion-title\">Inauguraci\u00f3n | Aperturas<\/span><\/span><span class=\"kt-blocks-accordion-icon-trigger\"><\/span><\/button><\/div><div class=\"kt-accordion-panel\"><div class=\"kt-accordion-panel-inner\"><div class=\"wp-block-image\">\n<figure class=\"aligncenter size-large is-resized\"><a href=\"http:\/\/chilemosaico.cl\/wp-content\/uploads\/2021\/03\/Museo-Regional-de-Iquique.jpg\"><img loading=\"lazy\" decoding=\"async\" src=\"http:\/\/minimap.cl\/chilemosaico.cl\/wp-content\/uploads\/2021\/03\/Museo-Regional-de-Iquique.jpg\" alt=\"Museo Regional de Iquique\" style=\"width:450px;height:336px\" width=\"450\" height=\"336\"\/><\/a><figcaption class=\"wp-element-caption\">Museo Regional de Iquique<\/figcaption><\/figure>\n<\/div>\n\n\n<p><strong>Inauguraci\u00f3n simb\u00f3lica: <\/strong>17 de marzo de 2021. <\/p>\n\n\n\n<p><strong>Apertura 1<\/strong>: Marzo &#8211; Abril 2021 (Cerrado a p\u00fablico por restricciones sanitarias de la pandemia)<\/p>\n\n\n\n<p><strong>Apertura 2<\/strong>:  Septiembre &#8211; Octube 2021 (sujeto a cambios por medidas sanitarias)<\/p>\n\n\n\n<div class=\"wp-block-columns is-layout-flex wp-container-core-columns-is-layout-9d6595d7 wp-block-columns-is-layout-flex\">\n<div class=\"wp-block-column is-layout-flow wp-block-column-is-layout-flow\">\n<ul class=\"has-medium-font-size wp-block-list\">\n<li>Lugar: Museo Regional de Iquique. Paseo Baquedano 951, Iquique.<\/li>\n\n\n\n<li>Muestra abierta al p\u00fabico de 16 marzo al 30 de abril 2021.<\/li>\n\n\n\n<li>Horario: De 10:00 a 13:00 horas.<\/li>\n\n\n\n<li>Entrada liberada.<\/li>\n<\/ul>\n\n\n\n<p><\/p>\n<\/div>\n\n\n\n<div class=\"wp-block-column is-layout-flow wp-block-column-is-layout-flow\">\n<p class=\"has-medium-font-size\">Contacto para visitas:<\/p>\n\n\n\n<p>\u2022 museoregional.iquique@cormudesi.cl<\/p>\n\n\n\n<p><\/p>\n\n\n\n<p>Web Museo: <a aria-label=\"Museo Regional de Iquique (opens in a new tab)\" class=\"ek-link\" href=\"https:\/\/museoregionaliqq.cl\/\" target=\"_blank\" rel=\"noreferrer noopener\">Museo Regional de Iquique<\/a><\/p>\n<\/div>\n<\/div>\n<\/div><\/div><\/div>\n\n\n\n<div class=\"wp-block-kadence-pane kt-accordion-pane kt-accordion-pane-11 kt-pane985_ea669b-46\"><div class=\"kt-accordion-header-wrap\"><button class=\"kt-blocks-accordion-header kt-acccordion-button-label-show\"><span class=\"kt-blocks-accordion-title-wrap\"><span class=\"kt-blocks-accordion-title\">Salas de exhibici\u00f3n:<\/span><\/span><span class=\"kt-blocks-accordion-icon-trigger\"><\/span><\/button><\/div><div class=\"kt-accordion-panel\"><div class=\"kt-accordion-panel-inner\">\n<div class=\"wp-block-columns is-layout-flex wp-container-core-columns-is-layout-9d6595d7 wp-block-columns-is-layout-flex\">\n<div class=\"wp-block-column is-layout-flow wp-block-column-is-layout-flow\">\n<div class=\"wp-block-kadence-accordion alignnone\"><div class=\"kt-accordion-wrap kt-accordion-id985_9fc25e-05 kt-accordion-has-2-panes kt-active-pane-0 kt-accordion-block kt-pane-header-alignment-left kt-accodion-icon-style-arrow kt-accodion-icon-side-right\" style=\"max-width:none\"><div class=\"kt-accordion-inner-wrap\" data-allow-multiple-open=\"true\" data-start-open=\"none\">\n<div class=\"wp-block-kadence-pane kt-accordion-pane kt-accordion-pane-1 kt-pane985_1c25c8-4e\"><div class=\"kt-accordion-header-wrap\"><button class=\"kt-blocks-accordion-header kt-acccordion-button-label-show\"><span class=\"kt-blocks-accordion-title-wrap\"><span class=\"kt-blocks-accordion-title\">Sala Uywiri<\/span><\/span><span class=\"kt-blocks-accordion-icon-trigger\"><\/span><\/button><\/div><div class=\"kt-accordion-panel\"><div class=\"kt-accordion-panel-inner\">\n<p>Uywiri: (s.) Esp\u00edritu andino protector de los habitantes, los cultivos y el ganado.<\/p>\n\n\n\n\n\n<p><strong>Sonidos en la sala:<\/strong><\/p>\n\n\n\n<ol class=\"is-style-default wp-block-list\">\n<li>Burro Pancho y amigos animales. San Antonio, Cami\u00f1a.<\/li>\n\n\n\n<li>Corral en Predio Villablanquino. Canchones.<\/li>\n\n\n\n<li>Perro tomando agua. Pica.<\/li>\n\n\n\n<li>Pajaritos y camioneta vieja. Huavi\u00f1a.<\/li>\n\n\n\n<li>Madrugada post-lluvia: Tendido el\u00e9ctrico y bocina de transporte a Iquique, 5:00 de la ma\u00f1ana. Cami\u00f1a.<\/li>\n\n\n\n<li>Cabras masticando sal. Canchones<\/li>\n\n\n\n<li>Lata movida por el viento y candado de chacra. Pica.<\/li>\n\n\n\n<li>Viento-Calamina al atardecer. Huavi\u00f1a.<\/li>\n\n\n\n<li>R\u00edo, viento y aleteos de p\u00e1jaros. Cuisama, Cami\u00f1a.<\/li>\n<\/ol>\n\n\n\n<div class=\"wp-block-kadence-image kb-image985_8394c7-0f\"><figure class=\"aligncenter size-full\"><img loading=\"lazy\" decoding=\"async\" width=\"1610\" height=\"1000\" src=\"https:\/\/chilemosaico.cl\/eventos\/wp-content\/uploads\/2023\/07\/Queso-de-Cabra-Villa-Blanquino.jpg\" alt=\"\" class=\"kb-img wp-image-3959\" srcset=\"https:\/\/chilemosaico.cl\/eventos\/wp-content\/uploads\/2023\/07\/Queso-de-Cabra-Villa-Blanquino.jpg 1610w, https:\/\/chilemosaico.cl\/eventos\/wp-content\/uploads\/2023\/07\/Queso-de-Cabra-Villa-Blanquino-300x186.jpg 300w, https:\/\/chilemosaico.cl\/eventos\/wp-content\/uploads\/2023\/07\/Queso-de-Cabra-Villa-Blanquino-1024x636.jpg 1024w, https:\/\/chilemosaico.cl\/eventos\/wp-content\/uploads\/2023\/07\/Queso-de-Cabra-Villa-Blanquino-768x477.jpg 768w, https:\/\/chilemosaico.cl\/eventos\/wp-content\/uploads\/2023\/07\/Queso-de-Cabra-Villa-Blanquino-1536x954.jpg 1536w\" sizes=\"auto, (max-width: 1610px) 100vw, 1610px\" \/><\/figure><\/div>\n\n\n\n<p>Sala con distintas texturas sonoras del interior de la Regi\u00f3n de Tarapac\u00e1. Un espacio para recorrer y habitar. En sus diferentes zonas se desarrolla la vida de forma silente y con rutinas que dialogan con el clima y las estaciones del a\u00f1o.<\/p>\n\n\n\n<p>Aqu\u00ed se re\u00fane un compilado de sonidos grabados de forma puntual durante la visita a predios y chacras. Se distingue la variedad de escenarios cotidianos entre animales, los habitantes y el entorno de las localidades. Rodeados de un aura m\u00edstica que oralmente se manifiesta con historias populares propias del territorio.<\/p>\n<\/div><\/div><\/div>\n<\/div><\/div><\/div>\n<\/div>\n\n\n\n<div class=\"wp-block-column is-layout-flow wp-block-column-is-layout-flow\">\n<div class=\"wp-block-kadence-accordion alignnone\"><div class=\"kt-accordion-wrap kt-accordion-id985_32211d-37 kt-accordion-has-2-panes kt-active-pane-0 kt-accordion-block kt-pane-header-alignment-left kt-accodion-icon-style-arrow kt-accodion-icon-side-right\" style=\"max-width:none\"><div class=\"kt-accordion-inner-wrap\" data-allow-multiple-open=\"true\" data-start-open=\"none\">\n<div class=\"wp-block-kadence-pane kt-accordion-pane kt-accordion-pane-1 kt-pane985_fa4cf1-30\"><div class=\"kt-accordion-header-wrap\"><button class=\"kt-blocks-accordion-header kt-acccordion-button-label-show\"><span class=\"kt-blocks-accordion-title-wrap\"><span class=\"kt-blocks-accordion-title\">Sala Uraji<\/span><\/span><span class=\"kt-blocks-accordion-icon-trigger\"><\/span><\/button><\/div><div class=\"kt-accordion-panel\"><div class=\"kt-accordion-panel-inner\">\n<p>Uraji: (s.) Territorio, terreno.<\/p>\n\n\n\n\n\n<p><strong>Sonidos en la sala:<\/strong><\/p>\n\n\n\n<p>Audio en las esquinas de la sala: Resumen en 24 minutos de Grabaci\u00f3n 24 horas en:<\/p>\n\n\n\n<ol class=\"wp-block-list\">\n<li>Predio Villablanquino, Canchones.<\/li>\n\n\n\n<li>Chacra Altos de Vitayle. Pica.<\/li>\n\n\n\n<li>Chacra de Huavi\u00f1a.<\/li>\n\n\n\n<li>Horno Juyumaya. Cuisama, Cami\u00f1a.<\/li>\n<\/ol>\n\n\n\n<p>Audio colgado en el canasto:<\/p>\n\n\n\n<p>5. Dos colibr\u00eds sobrevolando una flor, Huavi\u00f1a.<\/p>\n\n\n\n<figure class=\"wp-block-image size-large\"><a href=\"http:\/\/chilemosaico.cl\/wp-content\/uploads\/2021\/03\/amukin\u0303a-uraji-2.jpg\"><img decoding=\"async\" src=\"http:\/\/minimap.cl\/chilemosaico.cl\/wp-content\/uploads\/2021\/03\/amukin\u0303a-uraji-2.jpg\" alt=\"\"\/><\/a><\/figure>\n\n\n\n<p>D\u00eda y noche, luces y sombras, tiempo y espacio. En el transcurso de las horas, los contrastes se hacen presentes y traen consigo la huella de generaciones antecesoras cuya cosmovisi\u00f3n y sabidur\u00edas a\u00fan se preservan en el silencio andino de nuestra regi\u00f3n.<\/p>\n\n\n\n<p>Canchones, Cuisama, Huavi\u00f1a y Pica son algunos de los lugares donde personas y naturaleza a\u00fan se complementan. Para vivir y producir en estos lugares es necesario una dedicaci\u00f3n de 24 horas, aplicando saberes vinculados a la ganader\u00eda y la agricultura. En las esquinas de esta sala encontrar\u00e1 un registro de 24 horas de cada lugar reducidas en 24 minutos.<\/p>\n\n\n\n<p>En el centro de la sala, cantos de p\u00e1jaros y el zumbido de dos colibr\u00eds volando alrededor de una misma flor. En la cosmovisi\u00f3n andina, estas peque\u00f1as aves son consideradas mensajeros de los dioses del mundo de arriba, el \u201cHanan Pacha\u201d.<\/p>\n<\/div><\/div><\/div>\n<\/div><\/div><\/div>\n<\/div>\n<\/div>\n\n\n\n<div class=\"wp-block-columns is-layout-flex wp-container-core-columns-is-layout-9d6595d7 wp-block-columns-is-layout-flex\">\n<div class=\"wp-block-column is-layout-flow wp-block-column-is-layout-flow\">\n<div class=\"wp-block-kadence-accordion alignnone\"><div class=\"kt-accordion-wrap kt-accordion-id985_941847-f9 kt-accordion-has-2-panes kt-active-pane-0 kt-accordion-block kt-pane-header-alignment-left kt-accodion-icon-style-arrow kt-accodion-icon-side-right\" style=\"max-width:none\"><div class=\"kt-accordion-inner-wrap\" data-allow-multiple-open=\"true\" data-start-open=\"none\">\n<div class=\"wp-block-kadence-pane kt-accordion-pane kt-accordion-pane-1 kt-pane985_2efd1c-75\"><div class=\"kt-accordion-header-wrap\"><button class=\"kt-blocks-accordion-header kt-acccordion-button-label-show\"><span class=\"kt-blocks-accordion-title-wrap\"><span class=\"kt-blocks-accordion-title\">Sala Wururi\u00f1a<\/span><\/span><span class=\"kt-blocks-accordion-icon-trigger\"><\/span><\/button><\/div><div class=\"kt-accordion-panel\"><div class=\"kt-accordion-panel-inner\">\n<p>Wururi\u00f1a: (v.) Zumbar, producir un sonido sordo.<\/p>\n\n\n\n\n\n<p><strong>Sonidos en la sala:<\/strong><\/p>\n\n\n\n<ol class=\"is-style-default wp-block-list\">\n<li>Lluvia en invierno altipl\u00e1nico, Cami\u00f1a. (diciembre 2020)<\/li>\n\n\n\n<li>Riego por Inundaci\u00f3n, Pica. (Febrero 2021)<\/li>\n\n\n\n<li>Viento y animales en Canchones. (diciembre 2020)<\/li>\n\n\n\n<li>Pajaritos de Cuisama. (diciembre 2020)<\/li>\n\n\n\n<li>Grillo en Huavi\u00f1a. (enero 2021)<\/li>\n<\/ol>\n\n\n\n<figure class=\"wp-block-image size-large\"><a href=\"http:\/\/chilemosaico.cl\/wp-content\/uploads\/2021\/03\/amukin\u0303a-wururin\u0303a-sala.jpg\"><img decoding=\"async\" src=\"http:\/\/minimap.cl\/chilemosaico.cl\/wp-content\/uploads\/2021\/03\/amukin\u0303a-wururin\u0303a-sala-edited.jpg\" alt=\"\"\/><\/a><\/figure>\n\n\n\n<p>Entender el silencio implica desprenderse de la abundancia de sonidos que cohabitan con nosotros. Aunque entendemos que el silencio no existe como ausencia absoluta del sonido, podemos identificar sonoridades naturales que nuestro o\u00eddo interpreta como silencio, debido a la ausencia de la contaminaci\u00f3n ac\u00fastica a la que estamos acostumbrados en las ciudades.<\/p>\n\n\n\n<p>El ejercicio propuesto en esta sala es similar a visualizar los cielos estrellados durante un apag\u00f3n repentino, donde las luces m\u00e1s tenues aparecen. Percibir sin distractores. Desde la escucha, podemos apagar los sonidos cotidianos e imaginar los lugares donde los ciclos naturales definen las texturas, matices y tonalidades sonoras.<\/p>\n\n\n\n<p>La lluvia del invierno altipl\u00e1nico que cae durante verano se transforma en caudal para el regad\u00edo, el viento se funde con las aves, un grillo y otras peque\u00f1as sonoridades juegan y se combinan en esta sala.<\/p>\n<\/div><\/div><\/div>\n<\/div><\/div><\/div>\n<\/div>\n\n\n\n<div class=\"wp-block-column is-layout-flow wp-block-column-is-layout-flow\">\n<div class=\"wp-block-kadence-accordion alignnone\"><div class=\"kt-accordion-wrap kt-accordion-id985_4396ef-f3 kt-accordion-has-2-panes kt-active-pane-0 kt-accordion-block kt-pane-header-alignment-left kt-accodion-icon-style-arrow kt-accodion-icon-side-right\" style=\"max-width:none\"><div class=\"kt-accordion-inner-wrap\" data-allow-multiple-open=\"true\" data-start-open=\"none\">\n<div class=\"wp-block-kadence-pane kt-accordion-pane kt-accordion-pane-1 kt-pane985_fd59b1-74\"><div class=\"kt-accordion-header-wrap\"><button class=\"kt-blocks-accordion-header kt-acccordion-button-label-show\"><span class=\"kt-blocks-accordion-title-wrap\"><span class=\"kt-blocks-accordion-title\">Thakhi (pasillo y hall)<\/span><\/span><span class=\"kt-blocks-accordion-icon-trigger\"><\/span><\/button><\/div><div class=\"kt-accordion-panel\"><div class=\"kt-accordion-panel-inner\">\n<p>Thakhi: (s.) Camino, sendero.<\/p>\n\n\n\n\n\n<p><strong>Sonidos:<\/strong><\/p>\n\n\n\n<ol id=\"block-36776d6f-8d91-4add-b76a-9bd5d4b8d833\" class=\"is-style-default wp-block-list\">\n<li>Pajaritos de Huavi\u00f1a. (enero 2021). <\/li>\n\n\n\n<li>Ruta entre La Tirana y La Huayca, Canchones. (Diciembre 2020). <\/li>\n<\/ol>\n\n\n\n<figure class=\"wp-block-image size-large\"><a href=\"http:\/\/chilemosaico.cl\/wp-content\/uploads\/2021\/03\/amukin\u0303a-thaki.jpg\"><img decoding=\"async\" src=\"http:\/\/minimap.cl\/chilemosaico.cl\/wp-content\/uploads\/2021\/03\/amukin\u0303a-thaki-edited.jpg\" alt=\"\"\/><\/a><\/figure>\n\n\n\n<p>Durante el recorrido y visita a chacras predios aymaras, el Paisaje Sonoro registr\u00f3 el viento como elemento principal y caracter\u00edstico de la regi\u00f3n. El aire se manifest\u00f3 principalmente a trav\u00e9s del canto y el vuelo de los p\u00e1jaros, el vaiv\u00e9n de las ramas de los tamarugos y actividades humanas como el choque de las calaminas.<\/p>\n\n\n\n<p>La tierra por su parte, se manifiesta de una forma m\u00e1s heterog\u00e9nea. Acoge los sonidos de transporte que irrumpen en el silencio de la pampa, y permite conectar las realidades rurales y citadinas, ya sea en carretera o en senderos para caminantes solitarios. Una vez m\u00e1s, la tierra de una u otra manera nos vincula.<\/p>\n<\/div><\/div><\/div>\n<\/div><\/div><\/div>\n<\/div>\n<\/div>\n\n\n\n<div class=\"wp-block-columns is-style-default is-layout-flex wp-container-core-columns-is-layout-9d6595d7 wp-block-columns-is-layout-flex\">\n<div class=\"wp-block-column is-layout-flow wp-block-column-is-layout-flow\" style=\"flex-basis:25%\"><\/div>\n\n\n\n<div class=\"wp-block-column is-layout-flow wp-block-column-is-layout-flow\" style=\"flex-basis:50%\">\n<p><\/p>\n\n\n\n<figure class=\"wp-block-image size-large\"><a href=\"http:\/\/chilemosaico.cl\/wp-content\/uploads\/2021\/03\/diagrama-plano.jpg\"><img decoding=\"async\" src=\"http:\/\/minimap.cl\/chilemosaico.cl\/wp-content\/uploads\/2021\/03\/diagrama-plano.jpg\" alt=\"\"\/><\/a><\/figure>\n\n\n\n<p class=\"has-text-align-center\">Diagrama esquem\u00e1tico del recorrido por la exhibici\u00f3n sonora en el Museo Regional de Iquique.<\/p>\n\n\n\n<p><\/p>\n<\/div>\n\n\n\n<div class=\"wp-block-column is-layout-flow wp-block-column-is-layout-flow\" style=\"flex-basis:25%\"><\/div>\n<\/div>\n<\/div><\/div><\/div>\n\n\n\n<div class=\"wp-block-kadence-pane kt-accordion-pane kt-accordion-pane-14 kt-pane985_03dd5b-5d\"><div class=\"kt-accordion-header-wrap\"><button class=\"kt-blocks-accordion-header kt-acccordion-button-label-show\"><span class=\"kt-blocks-accordion-title-wrap\"><span class=\"kt-blocks-accordion-title\">Cr\u00e9ditos<\/span><\/span><span class=\"kt-blocks-accordion-icon-trigger\"><\/span><\/button><\/div><div class=\"kt-accordion-panel\"><div class=\"kt-accordion-panel-inner\">\n<p id=\"block-f79e4dba-b2c6-4f58-b292-b8bd2a20041c\">Exhibici\u00f3n Amuki\u00f1a en Museo Regional de iquique 2021<\/p>\n\n\n\n<p id=\"block-f79e4dba-b2c6-4f58-b292-b8bd2a20041c\">PRESENTA:<\/p>\n\n\n\n<ul class=\"wp-block-list\" id=\"block-781cbd9f-61ca-4f8b-932e-dab4b95c118b\">\n<li>Adolfo v.v <\/li>\n<\/ul>\n\n\n\n<p id=\"block-cfd8080a-ef13-475b-99f0-4ae55bc33a35\">CO-FINANCIAN:<\/p>\n\n\n\n<ul class=\"wp-block-list\" id=\"block-5f963e41-d691-4898-9dc5-39a96f54a1e3\">\n<li>Ministerio de las culturas las artes y el patrimonio<\/li>\n\n\n\n<li>Chilemosaico.cl<\/li>\n<\/ul>\n\n\n\n<p id=\"block-29686c8a-2536-46d8-b2eb-7fdda5d972bc\">COLABORAN:<\/p>\n\n\n\n<ul class=\"wp-block-list\" id=\"block-5bba27cf-4328-4471-9d3f-0d2fcc3b3461\">\n<li>Museo Regional de Iquique<\/li>\n\n\n\n<li>Infusi\u00f3n de Zanahoria Juyumaya<\/li>\n\n\n\n<li>Cooperativa Agr\u00edcola Ganadera de la Provincia del Tamarugal<\/li>\n\n\n\n<li>Donde Juanito<\/li>\n\n\n\n<li>Junta de Vecinos N\u02da 10 de Huavi\u00f1a<\/li>\n<\/ul>\n\n\n\n<p id=\"block-74504a1e-8fe8-444e-9a95-9e4bc7cc62c4\">REGISTROS DE AUDIO:<\/p>\n\n\n\n<ul class=\"wp-block-list\" id=\"block-bd5a9966-3a1e-4f54-9359-1a91084e08fa\">\n<li>Predio Villablanquino: Priscila Peralta | Adolfo VV. Diciembre 2020.<\/li>\n\n\n\n<li>Hospedaje Rural Juyumaya, Cuisama: Adolfo VV. Diciembre 2020.<\/li>\n\n\n\n<li>Chacra en Huavi\u00f1a: Priscila Peralta | Adolfo VV. Enero 2021.<\/li>\n\n\n\n<li>Chacra en Altos de Vitayle, Pica: Adolfo VV. Febrero 2021.<\/li>\n<\/ul>\n\n\n\n<p id=\"block-656b74c1-dfa8-4cb2-a405-0eda36b72504\">MUSEOGRAFIA (Amuki\u00f1a I):<\/p>\n\n\n\n<ul class=\"wp-block-list\" id=\"block-ec08922b-c583-4f58-bd99-3e461348b659\">\n<li>Priscila Peralta.<\/li>\n\n\n\n<li>Adolfo v.v<\/li>\n<\/ul>\n\n\n\n<p id=\"block-656b74c1-dfa8-4cb2-a405-0eda36b72504\">INTERVENCION CALLE (Amuki\u00f1a II):<\/p>\n\n\n\n<ul class=\"wp-block-list\" id=\"block-ec08922b-c583-4f58-bd99-3e461348b659\">\n<li>Rodrigo Disay Morales.<\/li>\n\n\n\n<li>Adolfo v.v.<\/li>\n<\/ul>\n\n\n\n<p>DISE\u00d1O SONORO:<\/p>\n\n\n\n<ul class=\"wp-block-list\">\n<li>Adolfo v.v<\/li>\n<\/ul>\n\n\n\n<p id=\"block-29d68741-e569-4cac-87a7-183ced1f8c5c\">DISE\u00d1O GRAFICO Y WEB:<\/p>\n\n\n\n<ul class=\"wp-block-list\" id=\"block-8dfa9318-f91b-43a6-b382-0132a7a28397\">\n<li>Chilemosaico.cl<\/li>\n<\/ul>\n\n\n\n<p><\/p>\n\n\n\n<div class=\"wp-block-media-text alignwide is-stacked-on-mobile\"><figure class=\"wp-block-media-text__media\"><img decoding=\"async\" src=\"http:\/\/minimap.cl\/chilemosaico.cl\/wp-content\/uploads\/2021\/03\/amukin\u0303a-uraji-sala.jpg\" alt=\"\"\/><\/figure><div class=\"wp-block-media-text__content\">\n<p><strong>Breve Glosario Aymara<\/strong><\/p>\n\n\n\n<p>\u2022 Amuki\u00f1a: (v.) Mantenerse o estar en silencio.<br>\u2022 Thakhi: (s.) Camino, sendero.<br>\u2022 Wururi\u00f1a: (v.) Zumbar, producir un sonido sordo.<br>\u2022 Uywiri: (s.) Esp\u00edritu andino protector de los habitantes, los cultivos y el ganado.<br>\u2022 Uraji: (s.) Territorio, terreno.<\/p>\n<\/div><\/div>\n\n\n\n<p><\/p>\n\n\n\n<p class=\"has-text-align-center\">Adolfo v.v = Adolfo Vergara Vasquez \u2013&gt; Adolfo V\u00e1squez Vergara<\/p>\n\n\n\n<p class=\"has-text-align-center\">Desde 2023 legalmente invert\u00ed apellidos.<\/p>\n<\/div><\/div><\/div>\n<\/div><\/div><\/div>\n\n\n\n<p><\/p>\n\n\n\n<p class=\"has-text-align-center\"><strong>Volver a <a href=\"http:\/\/chilemosaico.cl\/eventos\/preservar-el-silencio\/\">Preservar el Silencio<\/a><\/strong><\/p>\n","protected":false},"excerpt":{"rendered":"<p>\u00abAmuki\u00f1a: Sonidos Rurales de Tarapac\u00e1\u00bb es una exhibici\u00f3n de los archivos sonoros del proyecto Preservar el Silencio, que consisti\u00f3 en registrar el paisaje sonoro en cuatro localidades rurales en predios y chacras de productores aymaras de Tarapac\u00e1. Esta instalaci\u00f3n sonora busca reinterpretar los lugares rurales de Tarapac\u00e1 desde la perspectiva auditiva, reduciendo el uso de&#8230;<\/p>\n","protected":false},"author":1,"featured_media":0,"parent":928,"menu_order":2,"comment_status":"closed","ping_status":"closed","template":"","meta":{"om_disable_all_campaigns":false,"_monsterinsights_skip_tracking":false,"_monsterinsights_sitenote_active":false,"_monsterinsights_sitenote_note":"","_monsterinsights_sitenote_category":0,"_kad_post_transparent":"","_kad_post_title":"","_kad_post_layout":"","_kad_post_sidebar_id":"","_kad_post_content_style":"","_kad_post_vertical_padding":"","_kad_post_feature":"","_kad_post_feature_position":"","_kad_post_header":false,"_kad_post_footer":false,"_kad_post_classname":"","footnotes":""},"class_list":["post-985","page","type-page","status-publish","hentry"],"aioseo_notices":[],"_links":{"self":[{"href":"https:\/\/chilemosaico.cl\/eventos\/wp-json\/wp\/v2\/pages\/985","targetHints":{"allow":["GET"]}}],"collection":[{"href":"https:\/\/chilemosaico.cl\/eventos\/wp-json\/wp\/v2\/pages"}],"about":[{"href":"https:\/\/chilemosaico.cl\/eventos\/wp-json\/wp\/v2\/types\/page"}],"author":[{"embeddable":true,"href":"https:\/\/chilemosaico.cl\/eventos\/wp-json\/wp\/v2\/users\/1"}],"replies":[{"embeddable":true,"href":"https:\/\/chilemosaico.cl\/eventos\/wp-json\/wp\/v2\/comments?post=985"}],"version-history":[{"count":0,"href":"https:\/\/chilemosaico.cl\/eventos\/wp-json\/wp\/v2\/pages\/985\/revisions"}],"up":[{"embeddable":true,"href":"https:\/\/chilemosaico.cl\/eventos\/wp-json\/wp\/v2\/pages\/928"}],"wp:attachment":[{"href":"https:\/\/chilemosaico.cl\/eventos\/wp-json\/wp\/v2\/media?parent=985"}],"curies":[{"name":"wp","href":"https:\/\/api.w.org\/{rel}","templated":true}]}}