{"id":993,"date":"2023-03-12T05:43:20","date_gmt":"2023-03-12T08:43:20","guid":{"rendered":"https:\/\/chilemosaico.cl\/eventos\/?page_id=993"},"modified":"2024-01-12T05:27:04","modified_gmt":"2024-01-12T08:27:04","slug":"intervencion-sonora-amukina-ii-en-calle-baquedano-2021","status":"publish","type":"page","link":"https:\/\/chilemosaico.cl\/eventos\/preservar-el-silencio\/intervencion-sonora-amukina-ii-en-calle-baquedano-2021\/","title":{"rendered":"Amuki\u00f1a II: Intervenciones Sonoras en Paseo Baquedano"},"content":{"rendered":"\n<div class=\"wp-block-columns is-layout-flex wp-container-core-columns-is-layout-9d6595d7 wp-block-columns-is-layout-flex\">\n<div class=\"wp-block-column is-layout-flow wp-block-column-is-layout-flow\" style=\"flex-basis:50%\">\n<figure class=\"wp-block-image size-large\"><a href=\"http:\/\/chilemosaico.cl\/wp-content\/uploads\/2021\/05\/189916558_177139574336323_355129770553894936_n.jpg\"><img decoding=\"async\" src=\"http:\/\/minimap.cl\/chilemosaico.cl\/wp-content\/uploads\/2021\/05\/189916558_177139574336323_355129770553894936_n-edited.jpg\" alt=\"\"\/><\/a><\/figure>\n<\/div>\n\n\n\n<div class=\"wp-block-column is-layout-flow wp-block-column-is-layout-flow\" style=\"flex-basis:5%\"><\/div>\n\n\n\n<div class=\"wp-block-column is-layout-flow wp-block-column-is-layout-flow\" style=\"flex-basis:45%\">\n<p>En conmemoraci\u00f3n el D\u00eda del Patrimonio 2021, el viernes 28 de mayo, y dada la contingencia sanitaria que no permiti\u00f3 el ingreso del p\u00fablico a museos y centro culturales, se decidi\u00f3 sacar y adaptar la instalaci\u00f3n sonora a la calle del Paseo Baquedano (ex-Huancavelica).<\/p>\n\n\n\n<p>Actividad improvisada por su gestor Adolfo v.v y Rodrigo \u00abDisay\u00bb Morales. Previamente se convers\u00f3 con Museo Regional de Iquique, qui\u00e9nes gentilmente facilitaron los permisos para ocupar el frontis e instalar provisoriamente una muestra del Paisaje Sonoro rural. Las condiciones no eran las \u00f3ptimas por el nivel de ruido generado por el tr\u00e1fico y el comercio en Paseo Baquedano. Un constraste con los sonidos rurales que trat\u00e1bamos de exhibir.<\/p>\n\n\n\n<p>Las restricciones sanitarias siguieron rigurosas, el museo tuvo que seguir cerrado, por lo que repetimos la actividad durante los siguientes viernes de junio.<\/p>\n<\/div>\n<\/div>\n\n\n\n<p class=\"has-text-align-center\"><strong>Volver a <a href=\"http:\/\/chilemosaico.cl\/eventos\/preservar-el-silencio\/\">Preservar el Silencio<\/a><\/strong><\/p>\n","protected":false},"excerpt":{"rendered":"<p>En conmemoraci\u00f3n el D\u00eda del Patrimonio 2021, el viernes 28 de mayo, y dada la contingencia sanitaria que no permiti\u00f3 el ingreso del p\u00fablico a museos y centro culturales, se decidi\u00f3 sacar y adaptar la instalaci\u00f3n sonora a la calle del Paseo Baquedano (ex-Huancavelica). Actividad improvisada por su gestor Adolfo v.v y Rodrigo \u00abDisay\u00bb Morales&#8230;.<\/p>\n","protected":false},"author":1,"featured_media":0,"parent":928,"menu_order":2,"comment_status":"closed","ping_status":"closed","template":"","meta":{"om_disable_all_campaigns":false,"_monsterinsights_skip_tracking":false,"_monsterinsights_sitenote_active":false,"_monsterinsights_sitenote_note":"","_monsterinsights_sitenote_category":0,"_kad_post_transparent":"","_kad_post_title":"","_kad_post_layout":"","_kad_post_sidebar_id":"","_kad_post_content_style":"","_kad_post_vertical_padding":"","_kad_post_feature":"","_kad_post_feature_position":"","_kad_post_header":false,"_kad_post_footer":false,"_kad_post_classname":"","footnotes":""},"class_list":["post-993","page","type-page","status-publish","hentry"],"aioseo_notices":[],"_links":{"self":[{"href":"https:\/\/chilemosaico.cl\/eventos\/wp-json\/wp\/v2\/pages\/993","targetHints":{"allow":["GET"]}}],"collection":[{"href":"https:\/\/chilemosaico.cl\/eventos\/wp-json\/wp\/v2\/pages"}],"about":[{"href":"https:\/\/chilemosaico.cl\/eventos\/wp-json\/wp\/v2\/types\/page"}],"author":[{"embeddable":true,"href":"https:\/\/chilemosaico.cl\/eventos\/wp-json\/wp\/v2\/users\/1"}],"replies":[{"embeddable":true,"href":"https:\/\/chilemosaico.cl\/eventos\/wp-json\/wp\/v2\/comments?post=993"}],"version-history":[{"count":0,"href":"https:\/\/chilemosaico.cl\/eventos\/wp-json\/wp\/v2\/pages\/993\/revisions"}],"up":[{"embeddable":true,"href":"https:\/\/chilemosaico.cl\/eventos\/wp-json\/wp\/v2\/pages\/928"}],"wp:attachment":[{"href":"https:\/\/chilemosaico.cl\/eventos\/wp-json\/wp\/v2\/media?parent=993"}],"curies":[{"name":"wp","href":"https:\/\/api.w.org\/{rel}","templated":true}]}}